{"id":20024,"date":"2024-11-06T16:21:08","date_gmt":"2024-11-06T16:21:08","guid":{"rendered":"https:\/\/ancs.sn\/?page_id=20024"},"modified":"2024-12-06T10:21:22","modified_gmt":"2024-12-06T10:21:22","slug":"kaolack","status":"publish","type":"page","link":"https:\/\/ancs.sn\/en\/cliniques-communautaires\/kaolack\/","title":{"rendered":"Kaolack"},"content":{"rendered":"<div data-elementor-type=\"wp-page\" data-elementor-id=\"20024\" class=\"elementor elementor-20024\" data-elementor-post-type=\"page\">\n\t\t\t\t\t\t<section class=\"elementor-section elementor-top-section elementor-element elementor-element-8d24d73 elementor-section-boxed elementor-section-height-default elementor-section-height-default\" data-id=\"8d24d73\" data-element_type=\"section\" data-e-type=\"section\" data-settings=\"{&quot;background_background&quot;:&quot;classic&quot;}\">\n\t\t\t\t\t\t\t<div class=\"elementor-background-overlay\"><\/div>\n\t\t\t\t\t\t\t<div class=\"elementor-container elementor-column-gap-default\">\n\t\t\t\t\t<div class=\"elementor-column elementor-col-100 elementor-top-column elementor-element elementor-element-163c12a\" data-id=\"163c12a\" data-element_type=\"column\" data-e-type=\"column\" data-settings=\"{&quot;background_background&quot;:&quot;classic&quot;}\">\n\t\t\t<div class=\"elementor-widget-wrap elementor-element-populated\">\n\t\t\t\t\t\t<div class=\"elementor-element elementor-element-329a2c6 elementor-widget elementor-widget-gimont_elementor_heading\" data-id=\"329a2c6\" data-element_type=\"widget\" data-e-type=\"widget\" data-widget_type=\"gimont_elementor_heading.default\">\n\t\t\t\t<div class=\"elementor-widget-container\">\n\t\t\t\t\t\n\t\t\t<div class=\"ova-heading template_1\">\n\t\t\t\t\t\t\t\t\t\t\t\t\t\t\t<span class=\"line\"><\/span>\n\t\t\t\t\t\t\t\t\t\t<span class=\"subtitle\">Kaolack<\/span>\n\t\t\t\t\t\t\t\t\t\t\t\t\t\n\t\t\t\t\t\t\t\t\t\t\t\t\t\t\t<h2 class=\"title\">ANCS Community Clinics<\/h2>\n\t\t\t\t\t\t\t\t\t\t\n\t\t\t\t\t\t\t\t\n\t\t\t\t\n\t\t\t<\/div>\n\n\t\t\t\t\t\t<\/div>\n\t\t\t\t<\/div>\n\t\t\t\t<section class=\"elementor-section elementor-inner-section elementor-element elementor-element-1d83dcf elementor-section-full_width elementor-section-height-default elementor-section-height-default\" data-id=\"1d83dcf\" data-element_type=\"section\" data-e-type=\"section\">\n\t\t\t\t\t\t<div class=\"elementor-container elementor-column-gap-no\">\n\t\t\t\t\t<div class=\"elementor-column elementor-col-100 elementor-inner-column elementor-element elementor-element-c7febb2\" data-id=\"c7febb2\" data-element_type=\"column\" data-e-type=\"column\" data-settings=\"{&quot;animation&quot;:&quot;none&quot;}\">\n\t\t\t<div class=\"elementor-widget-wrap elementor-element-populated\">\n\t\t\t\t\t\t<div class=\"elementor-element elementor-element-bbbaa9b elementor-widget elementor-widget-text-editor\" data-id=\"bbbaa9b\" data-element_type=\"widget\" data-e-type=\"widget\" data-widget_type=\"text-editor.default\">\n\t\t\t\t<div class=\"elementor-widget-container\">\n\t\t\t\t\t\t\t\t\t<p>The fixed and mobile Community Clinics (CC) of the National Alliance of Communities for Health (ANCS) are innovative and inclusive health centres designed to provide local healthcare tailored to the needs of communities in general and vulnerable groups in particular. These clinics, financed by the Global Fund in partnership with the Ministry of Health and Social Action, offer access to an Integrated Package of Adapted Community Services (PISCA) in a safe environment that respects human rights.<\/p>\t\t\t\t\t\t\t\t<\/div>\n\t\t\t\t<\/div>\n\t\t\t\t\t<\/div>\n\t\t<\/div>\n\t\t\t\t\t<\/div>\n\t\t<\/section>\n\t\t\t\t<section class=\"elementor-section elementor-inner-section elementor-element elementor-element-29a8f6c elementor-section-full_width elementor-section-height-default elementor-section-height-default\" data-id=\"29a8f6c\" data-element_type=\"section\" data-e-type=\"section\">\n\t\t\t\t\t\t<div class=\"elementor-container elementor-column-gap-no\">\n\t\t\t\t\t<div class=\"elementor-column elementor-col-100 elementor-inner-column elementor-element elementor-element-dbf81d1\" data-id=\"dbf81d1\" data-element_type=\"column\" data-e-type=\"column\" data-settings=\"{&quot;animation&quot;:&quot;none&quot;}\">\n\t\t\t<div class=\"elementor-widget-wrap elementor-element-populated\">\n\t\t\t\t\t\t<div class=\"elementor-element elementor-element-128f0f2 elementor-widget elementor-widget-gimont_elementor_heading\" data-id=\"128f0f2\" data-element_type=\"widget\" data-e-type=\"widget\" data-widget_type=\"gimont_elementor_heading.default\">\n\t\t\t\t<div class=\"elementor-widget-container\">\n\t\t\t\t\t\n\t\t\t<div class=\"ova-heading template_1\">\n\t\t\t\t\t\t\t\t\n\t\t\t\t\t\t\t\t\t\t\t\t\t\t\t<h2 class=\"title\">Services offered<\/h2>\n\t\t\t\t\t\t\t\t\t\t\n\t\t\t\t\t\t\t\t\n\t\t\t\t\n\t\t\t<\/div>\n\n\t\t\t\t\t\t<\/div>\n\t\t\t\t<\/div>\n\t\t\t\t<div class=\"elementor-element elementor-element-d8cd305 elementor-widget elementor-widget-text-editor\" data-id=\"d8cd305\" data-element_type=\"widget\" data-e-type=\"widget\" data-widget_type=\"text-editor.default\">\n\t\t\t\t<div class=\"elementor-widget-container\">\n\t\t\t\t\t\t\t\t\t<p>PREVENTION<\/p><ul><li>Raising awareness ;<\/li><li>Health promotion ;<\/li><li>Advocacy ;<\/li><li>PrEP\u00a0;<\/li><li>Screening for tuberculosis ;<\/li><li>FAMILY PLANNING.<\/li><\/ul><p>MEDICAL, PSYCHOSOCIAL AND LEGAL CARE<\/p><ul><li>General consultation ;<\/li><li>Proctology consultation ;<\/li><li>Antenatal and postnatal consultation;<\/li><\/ul><p>Laboratory tests<\/p><ul><li>Haematology ;<\/li><li>Liver function tests ;<\/li><li>Renal check-up ;<\/li><li>Ionogram ;<\/li><li>HIV ;<\/li><li>Hepatitis.<\/li><\/ul>\t\t\t\t\t\t\t\t<\/div>\n\t\t\t\t<\/div>\n\t\t\t\t\t<\/div>\n\t\t<\/div>\n\t\t\t\t\t<\/div>\n\t\t<\/section>\n\t\t\t\t<section class=\"elementor-section elementor-inner-section elementor-element elementor-element-1b434a8 elementor-section-full_width elementor-section-height-default elementor-section-height-default\" data-id=\"1b434a8\" data-element_type=\"section\" data-e-type=\"section\">\n\t\t\t\t\t\t<div class=\"elementor-container elementor-column-gap-no\">\n\t\t\t\t\t<div class=\"elementor-column elementor-col-100 elementor-inner-column elementor-element elementor-element-9159295\" data-id=\"9159295\" data-element_type=\"column\" data-e-type=\"column\" data-settings=\"{&quot;animation&quot;:&quot;none&quot;}\">\n\t\t\t<div class=\"elementor-widget-wrap elementor-element-populated\">\n\t\t\t\t\t\t<div class=\"elementor-element elementor-element-1ee2392 elementor-widget elementor-widget-gimont_elementor_heading\" data-id=\"1ee2392\" data-element_type=\"widget\" data-e-type=\"widget\" data-widget_type=\"gimont_elementor_heading.default\">\n\t\t\t\t<div class=\"elementor-widget-container\">\n\t\t\t\t\t\n\t\t\t<div class=\"ova-heading template_1\">\n\t\t\t\t\t\t\t\t\n\t\t\t\t\t\t\t\t\t\t\t\t\t\t\t<h2 class=\"title\">Technical staff<\/h2>\n\t\t\t\t\t\t\t\t\t\t\n\t\t\t\t\t\t\t\t\n\t\t\t\t\n\t\t\t<\/div>\n\n\t\t\t\t\t\t<\/div>\n\t\t\t\t<\/div>\n\t\t\t\t<div class=\"elementor-element elementor-element-8ee5a60 elementor-widget elementor-widget-text-editor\" data-id=\"8ee5a60\" data-element_type=\"widget\" data-e-type=\"widget\" data-widget_type=\"text-editor.default\">\n\t\t\t\t<div class=\"elementor-widget-container\">\n\t\t\t\t\t\t\t\t\t<ul>\n<li>Clinical doctor, clinic coordinator ;<\/li>\n<li>Clinic doctor ;<\/li>\n<li>State nurse ;<\/li>\n<li>State-qualified midwife<\/li>\n<li>Laboratory technician<\/li>\n<\/ul>\t\t\t\t\t\t\t\t<\/div>\n\t\t\t\t<\/div>\n\t\t\t\t\t<\/div>\n\t\t<\/div>\n\t\t\t\t\t<\/div>\n\t\t<\/section>\n\t\t\t\t<section class=\"elementor-section elementor-inner-section elementor-element elementor-element-95802ff elementor-section-full_width elementor-section-height-default elementor-section-height-default\" data-id=\"95802ff\" data-element_type=\"section\" data-e-type=\"section\">\n\t\t\t\t\t\t<div class=\"elementor-container elementor-column-gap-no\">\n\t\t\t\t\t<div class=\"elementor-column elementor-col-100 elementor-inner-column elementor-element elementor-element-9865c66\" data-id=\"9865c66\" data-element_type=\"column\" data-e-type=\"column\" data-settings=\"{&quot;animation&quot;:&quot;none&quot;}\">\n\t\t\t<div class=\"elementor-widget-wrap elementor-element-populated\">\n\t\t\t\t\t\t<div class=\"elementor-element elementor-element-150c3e3 elementor-widget elementor-widget-gimont_elementor_heading\" data-id=\"150c3e3\" data-element_type=\"widget\" data-e-type=\"widget\" data-widget_type=\"gimont_elementor_heading.default\">\n\t\t\t\t<div class=\"elementor-widget-container\">\n\t\t\t\t\t\n\t\t\t<div class=\"ova-heading template_1\">\n\t\t\t\t\t\t\t\t\n\t\t\t\t\t\t\t\t\t\t\t\t\t\t\t<h2 class=\"title\">Location<\/h2>\n\t\t\t\t\t\t\t\t\t\t\n\t\t\t\t\t\t\t\t\n\t\t\t\t\n\t\t\t<\/div>\n\n\t\t\t\t\t\t<\/div>\n\t\t\t\t<\/div>\n\t\t\t\t<div class=\"elementor-element elementor-element-0bdd541 elementor-widget elementor-widget-text-editor\" data-id=\"0bdd541\" data-element_type=\"widget\" data-e-type=\"widget\" data-widget_type=\"text-editor.default\">\n\t\t\t\t<div class=\"elementor-widget-container\">\n\t\t\t\t\t\t\t\t\t<ul><li><h3>Kaolack &#8211; Quartier Ndorong<\/h3><p>Address: Ndorong, Kaolack<\/p><p>Zone de couverture : La clinique de Kaolack, appuy\u00e9e par une clinique mobile, dessert l&rsquo;axe Centre couvrant les r\u00e9gions de Kaolack, Kaffrine, Fatick, et Tambacounda.<\/p><\/li><\/ul>\t\t\t\t\t\t\t\t<\/div>\n\t\t\t\t<\/div>\n\t\t\t\t<div class=\"elementor-element elementor-element-44ff259 elementor-align-right elementor-tablet-align-left elementor-widget__width-auto elementor-widget elementor-widget-button\" data-id=\"44ff259\" data-element_type=\"widget\" data-e-type=\"widget\" data-widget_type=\"button.default\">\n\t\t\t\t<div class=\"elementor-widget-container\">\n\t\t\t\t\t\t\t\t\t<div class=\"elementor-button-wrapper\">\n\t\t\t\t\t<a class=\"elementor-button elementor-button-link elementor-size-sm\" href=\"https:\/\/ancs.sn\/en\/cliniques-communautaires\/\">\n\t\t\t\t\t\t<span class=\"elementor-button-content-wrapper\">\n\t\t\t\t\t\t<span class=\"elementor-button-icon\">\n\t\t\t\t<svg aria-hidden=\"true\" class=\"e-font-icon-svg e-far-arrow-alt-circle-right\" viewbox=\"0 0 512 512\" xmlns=\"http:\/\/www.w3.org\/2000\/svg\"><path d=\"M504 256C504 119 393 8 256 8S8 119 8 256s111 248 248 248 248-111 248-248zm-448 0c0-110.5 89.5-200 200-200s200 89.5 200 200-89.5 200-200 200S56 366.5 56 256zm72 20v-40c0-6.6 5.4-12 12-12h116v-67c0-10.7 12.9-16 20.5-8.5l99 99c4.7 4.7 4.7 12.3 0 17l-99 99c-7.6 7.6-20.5 2.2-20.5-8.5v-67H140c-6.6 0-12-5.4-12-12z\"><\/path><\/svg>\t\t\t<\/span>\n\t\t\t\t\t\t\t\t\t<span class=\"elementor-button-text\">Our Community Clinics<\/span>\n\t\t\t\t\t<\/span>\n\t\t\t\t\t<\/a>\n\t\t\t\t<\/div>\n\t\t\t\t\t\t\t\t<\/div>\n\t\t\t\t<\/div>\n\t\t\t\t\t<\/div>\n\t\t<\/div>\n\t\t\t\t\t<\/div>\n\t\t<\/section>\n\t\t\t\t\t<\/div>\n\t\t<\/div>\n\t\t\t\t\t<\/div>\n\t\t<\/section>\n\t\t\t\t<\/div>","protected":false},"excerpt":{"rendered":"<p>Kaolack Cliniques Communautaires de l&#039;ANCS Les Cliniques Communautaires (CC) fixes et mobiles de l&rsquo;Alliance Nationale des Communaut\u00e9s pour la Sant\u00e9 (ANCS) sont des espaces de sant\u00e9 innovants et inclusifs visant \u00e0 offrir des soins de sant\u00e9 de proximit\u00e9 adapt\u00e9s aux besoins des communaut\u00e9s en g\u00e9n\u00e9ral et des groupes vuln\u00e9rables en particulier. Ces cliniques, financ\u00e9es par [&hellip;]<\/p>\n","protected":false},"author":1,"featured_media":0,"parent":19686,"menu_order":0,"comment_status":"closed","ping_status":"closed","template":"elementor_header_footer","meta":{"footnotes":""},"class_list":["post-20024","page","type-page","status-publish","hentry"],"yoast_head":"<!-- This site is optimized with the Yoast SEO Premium plugin v24.0 (Yoast SEO v27.5) - https:\/\/yoast.com\/product\/yoast-seo-premium-wordpress\/ -->\n<title>Kaolack - ANCS<\/title>\n<meta name=\"description\" content=\"D\u00e9couvrez les cliniques communautaires de Kaolack soutenues par l&#039;ANCS : des services essentiels pour la pr\u00e9vention du VIH, l&#039;acc\u00e8s aux soins de sant\u00e9, et la promotion des droits humains.\" \/>\n<meta name=\"robots\" content=\"index, follow, max-snippet:-1, max-image-preview:large, max-video-preview:-1\" \/>\n<link rel=\"canonical\" href=\"https:\/\/ancs.sn\/en\/cliniques-communautaires\/kaolack\/\" \/>\n<meta property=\"og:locale\" content=\"en_US\" \/>\n<meta property=\"og:type\" content=\"article\" \/>\n<meta property=\"og:title\" content=\"Kaolack\" \/>\n<meta property=\"og:description\" content=\"D\u00e9couvrez les cliniques communautaires de Kaolack soutenues par l&#039;ANCS : des services essentiels pour la pr\u00e9vention du VIH, l&#039;acc\u00e8s aux soins de sant\u00e9, et la promotion des droits humains.\" \/>\n<meta property=\"og:url\" content=\"https:\/\/ancs.sn\/en\/cliniques-communautaires\/kaolack\/\" \/>\n<meta property=\"og:site_name\" content=\"ANCS\" \/>\n<meta property=\"article:publisher\" content=\"https:\/\/www.facebook.com\/share\/1J8ELRMTiV\/?mibextid=LQQJ4d\" \/>\n<meta property=\"article:modified_time\" content=\"2024-12-06T10:21:22+00:00\" \/>\n<meta name=\"twitter:card\" content=\"summary_large_image\" \/>\n<meta name=\"twitter:label1\" content=\"Est. reading time\" \/>\n\t<meta name=\"twitter:data1\" content=\"1 minute\" \/>\n<script type=\"application\/ld+json\" class=\"yoast-schema-graph\">{\"@context\":\"https:\\\/\\\/schema.org\",\"@graph\":[{\"@type\":\"WebPage\",\"@id\":\"https:\\\/\\\/ancs.sn\\\/cliniques-communautaires\\\/kaolack\\\/\",\"url\":\"https:\\\/\\\/ancs.sn\\\/cliniques-communautaires\\\/kaolack\\\/\",\"name\":\"Kaolack - ANCS\",\"isPartOf\":{\"@id\":\"https:\\\/\\\/ancs.sn\\\/#website\"},\"datePublished\":\"2024-11-06T16:21:08+00:00\",\"dateModified\":\"2024-12-06T10:21:22+00:00\",\"description\":\"D\u00e9couvrez les cliniques communautaires de Kaolack soutenues par l'ANCS : des services essentiels pour la pr\u00e9vention du VIH, l'acc\u00e8s aux soins de sant\u00e9, et la promotion des droits humains.\",\"breadcrumb\":{\"@id\":\"https:\\\/\\\/ancs.sn\\\/cliniques-communautaires\\\/kaolack\\\/#breadcrumb\"},\"inLanguage\":\"en-NZ\",\"potentialAction\":[{\"@type\":\"ReadAction\",\"target\":[\"https:\\\/\\\/ancs.sn\\\/cliniques-communautaires\\\/kaolack\\\/\"]}]},{\"@type\":\"BreadcrumbList\",\"@id\":\"https:\\\/\\\/ancs.sn\\\/cliniques-communautaires\\\/kaolack\\\/#breadcrumb\",\"itemListElement\":[{\"@type\":\"ListItem\",\"position\":1,\"name\":\"Accueil\",\"item\":\"https:\\\/\\\/ancs.sn\\\/\"},{\"@type\":\"ListItem\",\"position\":2,\"name\":\"Cliniques Communautaires\",\"item\":\"https:\\\/\\\/ancs.sn\\\/cliniques-communautaires\\\/\"},{\"@type\":\"ListItem\",\"position\":3,\"name\":\"Kaolack\"}]},{\"@type\":\"WebSite\",\"@id\":\"https:\\\/\\\/ancs.sn\\\/#website\",\"url\":\"https:\\\/\\\/ancs.sn\\\/\",\"name\":\"ANCS\",\"description\":\"Alliance Nationale des Communaut\u00e9s pour la Sant\u00e9\",\"publisher\":{\"@id\":\"https:\\\/\\\/ancs.sn\\\/#organization\"},\"potentialAction\":[{\"@type\":\"SearchAction\",\"target\":{\"@type\":\"EntryPoint\",\"urlTemplate\":\"https:\\\/\\\/ancs.sn\\\/?s={search_term_string}\"},\"query-input\":{\"@type\":\"PropertyValueSpecification\",\"valueRequired\":true,\"valueName\":\"search_term_string\"}}],\"inLanguage\":\"en-NZ\"},{\"@type\":\"Organization\",\"@id\":\"https:\\\/\\\/ancs.sn\\\/#organization\",\"name\":\"Alliance Nationale des Communaut\u00e9s pour la Sant\u00e9\",\"url\":\"https:\\\/\\\/ancs.sn\\\/\",\"logo\":{\"@type\":\"ImageObject\",\"inLanguage\":\"en-NZ\",\"@id\":\"https:\\\/\\\/ancs.sn\\\/#\\\/schema\\\/logo\\\/image\\\/\",\"url\":\"https:\\\/\\\/ancs.sn\\\/wp-content\\\/uploads\\\/2024\\\/10\\\/nouveau-logo-ANCS-01.png\",\"contentUrl\":\"https:\\\/\\\/ancs.sn\\\/wp-content\\\/uploads\\\/2024\\\/10\\\/nouveau-logo-ANCS-01.png\",\"width\":843,\"height\":596,\"caption\":\"Alliance Nationale des Communaut\u00e9s pour la Sant\u00e9\"},\"image\":{\"@id\":\"https:\\\/\\\/ancs.sn\\\/#\\\/schema\\\/logo\\\/image\\\/\"},\"sameAs\":[\"https:\\\/\\\/www.facebook.com\\\/share\\\/1J8ELRMTiV\\\/?mibextid=LQQJ4d\",\"https:\\\/\\\/www.youtube.com\\\/@alliancenationaledescommun1768\\\/featured\",\"https:\\\/\\\/www.linkedin.com\\\/company\\\/alliance-nationale-des-communauts-pour-la-sant-ancs\\\/\"]}]}<\/script>\n<!-- \/ Yoast SEO Premium plugin. -->","yoast_head_json":{"title":"Kaolack - ANCS","description":"D\u00e9couvrez les cliniques communautaires de Kaolack soutenues par l'ANCS : des services essentiels pour la pr\u00e9vention du VIH, l'acc\u00e8s aux soins de sant\u00e9, et la promotion des droits humains.","robots":{"index":"index","follow":"follow","max-snippet":"max-snippet:-1","max-image-preview":"max-image-preview:large","max-video-preview":"max-video-preview:-1"},"canonical":"https:\/\/ancs.sn\/en\/cliniques-communautaires\/kaolack\/","og_locale":"en_US","og_type":"article","og_title":"Kaolack","og_description":"D\u00e9couvrez les cliniques communautaires de Kaolack soutenues par l'ANCS : des services essentiels pour la pr\u00e9vention du VIH, l'acc\u00e8s aux soins de sant\u00e9, et la promotion des droits humains.","og_url":"https:\/\/ancs.sn\/en\/cliniques-communautaires\/kaolack\/","og_site_name":"ANCS","article_publisher":"https:\/\/www.facebook.com\/share\/1J8ELRMTiV\/?mibextid=LQQJ4d","article_modified_time":"2024-12-06T10:21:22+00:00","twitter_card":"summary_large_image","twitter_misc":{"Est. reading time":"1 minute"},"schema":{"@context":"https:\/\/schema.org","@graph":[{"@type":"WebPage","@id":"https:\/\/ancs.sn\/cliniques-communautaires\/kaolack\/","url":"https:\/\/ancs.sn\/cliniques-communautaires\/kaolack\/","name":"Kaolack - ANCS","isPartOf":{"@id":"https:\/\/ancs.sn\/#website"},"datePublished":"2024-11-06T16:21:08+00:00","dateModified":"2024-12-06T10:21:22+00:00","description":"D\u00e9couvrez les cliniques communautaires de Kaolack soutenues par l'ANCS : des services essentiels pour la pr\u00e9vention du VIH, l'acc\u00e8s aux soins de sant\u00e9, et la promotion des droits humains.","breadcrumb":{"@id":"https:\/\/ancs.sn\/cliniques-communautaires\/kaolack\/#breadcrumb"},"inLanguage":"en-NZ","potentialAction":[{"@type":"ReadAction","target":["https:\/\/ancs.sn\/cliniques-communautaires\/kaolack\/"]}]},{"@type":"BreadcrumbList","@id":"https:\/\/ancs.sn\/cliniques-communautaires\/kaolack\/#breadcrumb","itemListElement":[{"@type":"ListItem","position":1,"name":"Accueil","item":"https:\/\/ancs.sn\/"},{"@type":"ListItem","position":2,"name":"Cliniques Communautaires","item":"https:\/\/ancs.sn\/cliniques-communautaires\/"},{"@type":"ListItem","position":3,"name":"Kaolack"}]},{"@type":"WebSite","@id":"https:\/\/ancs.sn\/#website","url":"https:\/\/ancs.sn\/","name":"ANCS","description":"National Alliance of Communities for Health","publisher":{"@id":"https:\/\/ancs.sn\/#organization"},"potentialAction":[{"@type":"SearchAction","target":{"@type":"EntryPoint","urlTemplate":"https:\/\/ancs.sn\/?s={search_term_string}"},"query-input":{"@type":"PropertyValueSpecification","valueRequired":true,"valueName":"search_term_string"}}],"inLanguage":"en-NZ"},{"@type":"Organization","@id":"https:\/\/ancs.sn\/#organization","name":"National Alliance of Communities for Health","url":"https:\/\/ancs.sn\/","logo":{"@type":"ImageObject","inLanguage":"en-NZ","@id":"https:\/\/ancs.sn\/#\/schema\/logo\/image\/","url":"https:\/\/ancs.sn\/wp-content\/uploads\/2024\/10\/nouveau-logo-ANCS-01.png","contentUrl":"https:\/\/ancs.sn\/wp-content\/uploads\/2024\/10\/nouveau-logo-ANCS-01.png","width":843,"height":596,"caption":"Alliance Nationale des Communaut\u00e9s pour la Sant\u00e9"},"image":{"@id":"https:\/\/ancs.sn\/#\/schema\/logo\/image\/"},"sameAs":["https:\/\/www.facebook.com\/share\/1J8ELRMTiV\/?mibextid=LQQJ4d","https:\/\/www.youtube.com\/@alliancenationaledescommun1768\/featured","https:\/\/www.linkedin.com\/company\/alliance-nationale-des-communauts-pour-la-sant-ancs\/"]}]}},"_links":{"self":[{"href":"https:\/\/ancs.sn\/en\/wp-json\/wp\/v2\/pages\/20024","targetHints":{"allow":["GET"]}}],"collection":[{"href":"https:\/\/ancs.sn\/en\/wp-json\/wp\/v2\/pages"}],"about":[{"href":"https:\/\/ancs.sn\/en\/wp-json\/wp\/v2\/types\/page"}],"author":[{"embeddable":true,"href":"https:\/\/ancs.sn\/en\/wp-json\/wp\/v2\/users\/1"}],"replies":[{"embeddable":true,"href":"https:\/\/ancs.sn\/en\/wp-json\/wp\/v2\/comments?post=20024"}],"version-history":[{"count":13,"href":"https:\/\/ancs.sn\/en\/wp-json\/wp\/v2\/pages\/20024\/revisions"}],"predecessor-version":[{"id":21933,"href":"https:\/\/ancs.sn\/en\/wp-json\/wp\/v2\/pages\/20024\/revisions\/21933"}],"up":[{"embeddable":true,"href":"https:\/\/ancs.sn\/en\/wp-json\/wp\/v2\/pages\/19686"}],"wp:attachment":[{"href":"https:\/\/ancs.sn\/en\/wp-json\/wp\/v2\/media?parent=20024"}],"curies":[{"name":"wp","href":"https:\/\/api.w.org\/{rel}","templated":true}]}}