{"id":19992,"date":"2024-11-06T12:41:30","date_gmt":"2024-11-06T12:41:30","guid":{"rendered":"https:\/\/ancs.sn\/?page_id=19992"},"modified":"2024-12-06T15:56:13","modified_gmt":"2024-12-06T15:56:13","slug":"mot-de-la-directrice","status":"publish","type":"page","link":"https:\/\/ancs.sn\/en\/mot-de-la-directrice\/","title":{"rendered":"A word from the Director"},"content":{"rendered":"<div data-elementor-type=\"wp-page\" data-elementor-id=\"19992\" class=\"elementor elementor-19992\" data-elementor-post-type=\"page\">\n\t\t\t\t\t\t<section class=\"elementor-section elementor-top-section elementor-element elementor-element-8d24d73 elementor-section-boxed elementor-section-height-default elementor-section-height-default\" data-id=\"8d24d73\" data-element_type=\"section\" data-e-type=\"section\" data-settings=\"{&quot;background_background&quot;:&quot;classic&quot;}\">\n\t\t\t\t\t\t\t<div class=\"elementor-background-overlay\"><\/div>\n\t\t\t\t\t\t\t<div class=\"elementor-container elementor-column-gap-default\">\n\t\t\t\t\t<div class=\"elementor-column elementor-col-100 elementor-top-column elementor-element elementor-element-163c12a\" data-id=\"163c12a\" data-element_type=\"column\" data-e-type=\"column\" data-settings=\"{&quot;background_background&quot;:&quot;classic&quot;}\">\n\t\t\t<div class=\"elementor-widget-wrap elementor-element-populated\">\n\t\t\t\t\t\t<div class=\"elementor-element elementor-element-329a2c6 elementor-widget elementor-widget-gimont_elementor_heading\" data-id=\"329a2c6\" data-element_type=\"widget\" data-e-type=\"widget\" data-widget_type=\"gimont_elementor_heading.default\">\n\t\t\t\t<div class=\"elementor-widget-container\">\n\t\t\t\t\t\n\t\t\t<div class=\"ova-heading template_1\">\n\t\t\t\t\t\t\t\t\t\t\t\t\t\t\t<span class=\"line\"><\/span>\n\t\t\t\t\t\t\t\t\t\t<span class=\"subtitle\">The Director<\/span>\n\t\t\t\t\t\t\t\t\t\t\t\t\t\n\t\t\t\t\t\t\t\t\t\t\t\t\t\t\t<h2 class=\"title\">A word from the Director<\/h2>\n\t\t\t\t\t\t\t\t\t\t\n\t\t\t\t\t\t\t\t\n\t\t\t\t\n\t\t\t<\/div>\n\n\t\t\t\t\t\t<\/div>\n\t\t\t\t<\/div>\n\t\t\t\t<section class=\"elementor-section elementor-inner-section elementor-element elementor-element-1d83dcf elementor-section-full_width elementor-section-height-default elementor-section-height-default\" data-id=\"1d83dcf\" data-element_type=\"section\" data-e-type=\"section\">\n\t\t\t\t\t\t<div class=\"elementor-container elementor-column-gap-no\">\n\t\t\t\t\t<div class=\"elementor-column elementor-col-100 elementor-inner-column elementor-element elementor-element-c7febb2\" data-id=\"c7febb2\" data-element_type=\"column\" data-e-type=\"column\" data-settings=\"{&quot;animation&quot;:&quot;none&quot;}\">\n\t\t\t<div class=\"elementor-widget-wrap elementor-element-populated\">\n\t\t\t\t\t\t<div class=\"elementor-element elementor-element-94f9b36 elementor-widget elementor-widget-text-editor\" data-id=\"94f9b36\" data-element_type=\"widget\" data-e-type=\"widget\" data-widget_type=\"text-editor.default\">\n\t\t\t\t<div class=\"elementor-widget-container\">\n\t\t\t\t\t\t\t\t\t<p>As Executive Director of the National Alliance of Communities for Health (ANCS), I am pleased to welcome all our visitors to our website <a href=\"https:\/\/ancs.sn\/en\/\">www.ancs.sn<\/a>.<\/p>\t\t\t\t\t\t\t\t<\/div>\n\t\t\t\t<\/div>\n\t\t\t\t<div class=\"elementor-element elementor-element-bbbaa9b elementor-widget elementor-widget-text-editor\" data-id=\"bbbaa9b\" data-element_type=\"widget\" data-e-type=\"widget\" data-widget_type=\"text-editor.default\">\n\t\t\t\t<div class=\"elementor-widget-container\">\n\t\t\t\t\t\t\t\t\t<p>Dear Internet users, you have certainly heard of the ANCS or read about this civil society organisation created on 28 July 1994 by NGOs, CBOs and other community associations, including people living with HIV and their families and highly vulnerable groups. The ANCS was set up, dear Internet users, to ensure the participation and contribution of civil society and the community sector in the national effort to respond to HIV in Senegal.<\/p>\t\t\t\t\t\t\t\t<\/div>\n\t\t\t\t<\/div>\n\t\t\t\t<div class=\"elementor-element elementor-element-3f22ff0 elementor-widget elementor-widget-text-editor\" data-id=\"3f22ff0\" data-element_type=\"widget\" data-e-type=\"widget\" data-widget_type=\"text-editor.default\">\n\t\t\t\t<div class=\"elementor-widget-container\">\n\t\t\t\t\t\t\t\t\t<p>Today, with its website, a platform that constitutes its first showcase, the ANCS is equipping itself with a means that will enable it to highlight its contribution to the health and well-being of populations. Over the last 30 years, the ANCS has built up a vast and solid experience in many areas, including the fight against HIV, the involvement and promotion of community participation in the response to HIV, TB\/HIV co-infection, the inclusion of gender issues in the fight against HIV, the promotion of human rights and community health, support and capacity-building for CSOs and community players, advocacy and the promotion of a favourable environment, good governance and leadership, among others.\u00a0<\/p>\t\t\t\t\t\t\t\t<\/div>\n\t\t\t\t<\/div>\n\t\t\t\t<div class=\"elementor-element elementor-element-3d365d8 elementor-widget elementor-widget-text-editor\" data-id=\"3d365d8\" data-element_type=\"widget\" data-e-type=\"widget\" data-widget_type=\"text-editor.default\">\n\t\t\t\t<div class=\"elementor-widget-container\">\n\t\t\t\t\t\t\t\t\t<p>With the support of ANCS, community organisations have implemented strategic interventions targeting the most vulnerable, marginalised and hard-to-reach populations. This proactive approach has enabled ANCS and its partners to make a significant contribution to the results of the National AIDS Control Programme, marking tangible progress in the fight against this pandemic in Senegal.<\/p>\t\t\t\t\t\t\t\t<\/div>\n\t\t\t\t<\/div>\n\t\t\t\t<div class=\"elementor-element elementor-element-3a93be1 elementor-widget elementor-widget-text-editor\" data-id=\"3a93be1\" data-element_type=\"widget\" data-e-type=\"widget\" data-widget_type=\"text-editor.default\">\n\t\t\t\t<div class=\"elementor-widget-container\">\n\t\t\t\t\t\t\t\t\t<p>I would like to take this opportunity to express my deep gratitude to all those involved in the response, in particular the Ministry of Health and Social Action (MSAS), the National AIDS Council (CNLS), the ANCS Board of Directors, community organisations and technical and financial partners, who continue to support us in implementing our programmes. Their commitment and collaboration are essential to the success of our public health initiatives.<\/p>\t\t\t\t\t\t\t\t<\/div>\n\t\t\t\t<\/div>\n\t\t\t\t<div class=\"elementor-element elementor-element-71ba288 elementor-widget elementor-widget-text-editor\" data-id=\"71ba288\" data-element_type=\"widget\" data-e-type=\"widget\" data-widget_type=\"text-editor.default\">\n\t\t\t\t<div class=\"elementor-widget-container\">\n\t\t\t\t\t\t\t\t\tI would also like you, the users, to make the most of the interactive and dynamic forum for exchange that is this ANCS showcase. Finally, this site will give you the opportunity to contact the organisation with any question of particular interest relating to health and well-being, and to obtain a prompt and satisfactory response interactively.\n<br>\nThis is your platform, make it your source of information.\t\t\t\t\t\t\t\t<\/div>\n\t\t\t\t<\/div>\n\t\t\t\t<div class=\"elementor-element elementor-element-b4cb840 elementor-widget elementor-widget-text-editor\" data-id=\"b4cb840\" data-element_type=\"widget\" data-e-type=\"widget\" data-widget_type=\"text-editor.default\">\n\t\t\t\t<div class=\"elementor-widget-container\">\n\t\t\t\t\t\t\t\t\t<p>Ms Magatte MBDOJ<\/p><p>Executive Director of ANCS<\/p>\t\t\t\t\t\t\t\t<\/div>\n\t\t\t\t<\/div>\n\t\t\t\t<div class=\"elementor-element elementor-element-246269b elementor-widget elementor-widget-text-editor\" data-id=\"246269b\" data-element_type=\"widget\" data-e-type=\"widget\" data-widget_type=\"text-editor.default\">\n\t\t\t\t<div class=\"elementor-widget-container\">\n\t\t\t\t\t\t\t\t\t<p>Community expertise at the service of health!<\/p>\t\t\t\t\t\t\t\t<\/div>\n\t\t\t\t<\/div>\n\t\t\t\t<div class=\"elementor-element elementor-element-983499c elementor-align-right elementor-tablet-align-left elementor-widget__width-auto elementor-widget elementor-widget-button\" data-id=\"983499c\" data-element_type=\"widget\" data-e-type=\"widget\" data-widget_type=\"button.default\">\n\t\t\t\t<div class=\"elementor-widget-container\">\n\t\t\t\t\t\t\t\t\t<div class=\"elementor-button-wrapper\">\n\t\t\t\t\t<a class=\"elementor-button elementor-button-link elementor-size-sm\" href=\"https:\/\/ancs.sn\/en\/\">\n\t\t\t\t\t\t<span class=\"elementor-button-content-wrapper\">\n\t\t\t\t\t\t<span class=\"elementor-button-icon\">\n\t\t\t\t<svg aria-hidden=\"true\" class=\"e-font-icon-svg e-far-arrow-alt-circle-right\" viewbox=\"0 0 512 512\" xmlns=\"http:\/\/www.w3.org\/2000\/svg\"><path d=\"M504 256C504 119 393 8 256 8S8 119 8 256s111 248 248 248 248-111 248-248zm-448 0c0-110.5 89.5-200 200-200s200 89.5 200 200-89.5 200-200 200S56 366.5 56 256zm72 20v-40c0-6.6 5.4-12 12-12h116v-67c0-10.7 12.9-16 20.5-8.5l99 99c4.7 4.7 4.7 12.3 0 17l-99 99c-7.6 7.6-20.5 2.2-20.5-8.5v-67H140c-6.6 0-12-5.4-12-12z\"><\/path><\/svg>\t\t\t<\/span>\n\t\t\t\t\t\t\t\t\t<span class=\"elementor-button-text\">Back to home page<\/span>\n\t\t\t\t\t<\/span>\n\t\t\t\t\t<\/a>\n\t\t\t\t<\/div>\n\t\t\t\t\t\t\t\t<\/div>\n\t\t\t\t<\/div>\n\t\t\t\t\t<\/div>\n\t\t<\/div>\n\t\t\t\t\t<\/div>\n\t\t<\/section>\n\t\t\t\t\t<\/div>\n\t\t<\/div>\n\t\t\t\t\t<\/div>\n\t\t<\/section>\n\t\t\t\t<\/div>","protected":false},"excerpt":{"rendered":"<p>La Directrice Mot de la Directrice En ma qualit\u00e9 de Directrice ex\u00e9cutive de l\u2019Alliance Nationale des Communaut\u00e9s pour la Sant\u00e9 (ANCS), je suis heureuse de souhaiter \u00e0 tous nos internautes la bienvenue sur notre site web www.ancs.sn. Chers internautes, vous avez certainement entendu parler de l\u2019ANCS ou lu quelques informations sur cette organisation de la [&hellip;]<\/p>\n","protected":false},"author":1,"featured_media":0,"parent":0,"menu_order":0,"comment_status":"closed","ping_status":"closed","template":"elementor_header_footer","meta":{"footnotes":""},"class_list":["post-19992","page","type-page","status-publish","hentry"],"yoast_head":"<!-- This site is optimized with the Yoast SEO Premium plugin v24.0 (Yoast SEO v27.5) - https:\/\/yoast.com\/product\/yoast-seo-premium-wordpress\/ -->\n<title>Mot de la Directrice - ANCS<\/title>\n<meta name=\"description\" content=\"Lisez le mot de la Directrice de l&#039;ANCS, partageant sa vision, ses engagements, et ses perspectives pour renforcer la lutte contre le VIH\/Sida et promouvoir la sant\u00e9 et les droits humains au S\u00e9n\u00e9gal.\" \/>\n<meta name=\"robots\" content=\"index, follow, max-snippet:-1, max-image-preview:large, max-video-preview:-1\" \/>\n<link rel=\"canonical\" href=\"https:\/\/ancs.sn\/en\/mot-de-la-directrice\/\" \/>\n<meta property=\"og:locale\" content=\"en_US\" \/>\n<meta property=\"og:type\" content=\"article\" \/>\n<meta property=\"og:title\" content=\"Mot de la Directrice\" \/>\n<meta property=\"og:description\" content=\"Lisez le mot de la Directrice de l&#039;ANCS, partageant sa vision, ses engagements, et ses perspectives pour renforcer la lutte contre le VIH\/Sida et promouvoir la sant\u00e9 et les droits humains au S\u00e9n\u00e9gal.\" \/>\n<meta property=\"og:url\" content=\"https:\/\/ancs.sn\/en\/mot-de-la-directrice\/\" \/>\n<meta property=\"og:site_name\" content=\"ANCS\" \/>\n<meta property=\"article:publisher\" content=\"https:\/\/www.facebook.com\/share\/1J8ELRMTiV\/?mibextid=LQQJ4d\" \/>\n<meta property=\"article:modified_time\" content=\"2024-12-06T15:56:13+00:00\" \/>\n<meta name=\"twitter:card\" content=\"summary_large_image\" \/>\n<meta name=\"twitter:label1\" content=\"Est. reading time\" \/>\n\t<meta name=\"twitter:data1\" content=\"3 minutes\" \/>\n<script type=\"application\/ld+json\" class=\"yoast-schema-graph\">{\"@context\":\"https:\\\/\\\/schema.org\",\"@graph\":[{\"@type\":\"WebPage\",\"@id\":\"https:\\\/\\\/ancs.sn\\\/mot-de-la-directrice\\\/\",\"url\":\"https:\\\/\\\/ancs.sn\\\/mot-de-la-directrice\\\/\",\"name\":\"Mot de la Directrice - ANCS\",\"isPartOf\":{\"@id\":\"https:\\\/\\\/ancs.sn\\\/#website\"},\"datePublished\":\"2024-11-06T12:41:30+00:00\",\"dateModified\":\"2024-12-06T15:56:13+00:00\",\"description\":\"Lisez le mot de la Directrice de l'ANCS, partageant sa vision, ses engagements, et ses perspectives pour renforcer la lutte contre le VIH\\\/Sida et promouvoir la sant\u00e9 et les droits humains au S\u00e9n\u00e9gal.\",\"breadcrumb\":{\"@id\":\"https:\\\/\\\/ancs.sn\\\/mot-de-la-directrice\\\/#breadcrumb\"},\"inLanguage\":\"en-NZ\",\"potentialAction\":[{\"@type\":\"ReadAction\",\"target\":[\"https:\\\/\\\/ancs.sn\\\/mot-de-la-directrice\\\/\"]}]},{\"@type\":\"BreadcrumbList\",\"@id\":\"https:\\\/\\\/ancs.sn\\\/mot-de-la-directrice\\\/#breadcrumb\",\"itemListElement\":[{\"@type\":\"ListItem\",\"position\":1,\"name\":\"Accueil\",\"item\":\"https:\\\/\\\/ancs.sn\\\/\"},{\"@type\":\"ListItem\",\"position\":2,\"name\":\"Mot de la Directrice\"}]},{\"@type\":\"WebSite\",\"@id\":\"https:\\\/\\\/ancs.sn\\\/#website\",\"url\":\"https:\\\/\\\/ancs.sn\\\/\",\"name\":\"ANCS\",\"description\":\"Alliance Nationale des Communaut\u00e9s pour la Sant\u00e9\",\"publisher\":{\"@id\":\"https:\\\/\\\/ancs.sn\\\/#organization\"},\"potentialAction\":[{\"@type\":\"SearchAction\",\"target\":{\"@type\":\"EntryPoint\",\"urlTemplate\":\"https:\\\/\\\/ancs.sn\\\/?s={search_term_string}\"},\"query-input\":{\"@type\":\"PropertyValueSpecification\",\"valueRequired\":true,\"valueName\":\"search_term_string\"}}],\"inLanguage\":\"en-NZ\"},{\"@type\":\"Organization\",\"@id\":\"https:\\\/\\\/ancs.sn\\\/#organization\",\"name\":\"Alliance Nationale des Communaut\u00e9s pour la Sant\u00e9\",\"url\":\"https:\\\/\\\/ancs.sn\\\/\",\"logo\":{\"@type\":\"ImageObject\",\"inLanguage\":\"en-NZ\",\"@id\":\"https:\\\/\\\/ancs.sn\\\/#\\\/schema\\\/logo\\\/image\\\/\",\"url\":\"https:\\\/\\\/ancs.sn\\\/wp-content\\\/uploads\\\/2024\\\/10\\\/nouveau-logo-ANCS-01.png\",\"contentUrl\":\"https:\\\/\\\/ancs.sn\\\/wp-content\\\/uploads\\\/2024\\\/10\\\/nouveau-logo-ANCS-01.png\",\"width\":843,\"height\":596,\"caption\":\"Alliance Nationale des Communaut\u00e9s pour la Sant\u00e9\"},\"image\":{\"@id\":\"https:\\\/\\\/ancs.sn\\\/#\\\/schema\\\/logo\\\/image\\\/\"},\"sameAs\":[\"https:\\\/\\\/www.facebook.com\\\/share\\\/1J8ELRMTiV\\\/?mibextid=LQQJ4d\",\"https:\\\/\\\/www.youtube.com\\\/@alliancenationaledescommun1768\\\/featured\",\"https:\\\/\\\/www.linkedin.com\\\/company\\\/alliance-nationale-des-communauts-pour-la-sant-ancs\\\/\"]}]}<\/script>\n<!-- \/ Yoast SEO Premium plugin. -->","yoast_head_json":{"title":"Mot de la Directrice - ANCS","description":"Lisez le mot de la Directrice de l'ANCS, partageant sa vision, ses engagements, et ses perspectives pour renforcer la lutte contre le VIH\/Sida et promouvoir la sant\u00e9 et les droits humains au S\u00e9n\u00e9gal.","robots":{"index":"index","follow":"follow","max-snippet":"max-snippet:-1","max-image-preview":"max-image-preview:large","max-video-preview":"max-video-preview:-1"},"canonical":"https:\/\/ancs.sn\/en\/mot-de-la-directrice\/","og_locale":"en_US","og_type":"article","og_title":"Mot de la Directrice","og_description":"Lisez le mot de la Directrice de l'ANCS, partageant sa vision, ses engagements, et ses perspectives pour renforcer la lutte contre le VIH\/Sida et promouvoir la sant\u00e9 et les droits humains au S\u00e9n\u00e9gal.","og_url":"https:\/\/ancs.sn\/en\/mot-de-la-directrice\/","og_site_name":"ANCS","article_publisher":"https:\/\/www.facebook.com\/share\/1J8ELRMTiV\/?mibextid=LQQJ4d","article_modified_time":"2024-12-06T15:56:13+00:00","twitter_card":"summary_large_image","twitter_misc":{"Est. reading time":"3 minutes"},"schema":{"@context":"https:\/\/schema.org","@graph":[{"@type":"WebPage","@id":"https:\/\/ancs.sn\/mot-de-la-directrice\/","url":"https:\/\/ancs.sn\/mot-de-la-directrice\/","name":"Mot de la Directrice - ANCS","isPartOf":{"@id":"https:\/\/ancs.sn\/#website"},"datePublished":"2024-11-06T12:41:30+00:00","dateModified":"2024-12-06T15:56:13+00:00","description":"Lisez le mot de la Directrice de l'ANCS, partageant sa vision, ses engagements, et ses perspectives pour renforcer la lutte contre le VIH\/Sida et promouvoir la sant\u00e9 et les droits humains au S\u00e9n\u00e9gal.","breadcrumb":{"@id":"https:\/\/ancs.sn\/mot-de-la-directrice\/#breadcrumb"},"inLanguage":"en-NZ","potentialAction":[{"@type":"ReadAction","target":["https:\/\/ancs.sn\/mot-de-la-directrice\/"]}]},{"@type":"BreadcrumbList","@id":"https:\/\/ancs.sn\/mot-de-la-directrice\/#breadcrumb","itemListElement":[{"@type":"ListItem","position":1,"name":"Accueil","item":"https:\/\/ancs.sn\/"},{"@type":"ListItem","position":2,"name":"Mot de la Directrice"}]},{"@type":"WebSite","@id":"https:\/\/ancs.sn\/#website","url":"https:\/\/ancs.sn\/","name":"ANCS","description":"National Alliance of Communities for Health","publisher":{"@id":"https:\/\/ancs.sn\/#organization"},"potentialAction":[{"@type":"SearchAction","target":{"@type":"EntryPoint","urlTemplate":"https:\/\/ancs.sn\/?s={search_term_string}"},"query-input":{"@type":"PropertyValueSpecification","valueRequired":true,"valueName":"search_term_string"}}],"inLanguage":"en-NZ"},{"@type":"Organization","@id":"https:\/\/ancs.sn\/#organization","name":"National Alliance of Communities for Health","url":"https:\/\/ancs.sn\/","logo":{"@type":"ImageObject","inLanguage":"en-NZ","@id":"https:\/\/ancs.sn\/#\/schema\/logo\/image\/","url":"https:\/\/ancs.sn\/wp-content\/uploads\/2024\/10\/nouveau-logo-ANCS-01.png","contentUrl":"https:\/\/ancs.sn\/wp-content\/uploads\/2024\/10\/nouveau-logo-ANCS-01.png","width":843,"height":596,"caption":"Alliance Nationale des Communaut\u00e9s pour la Sant\u00e9"},"image":{"@id":"https:\/\/ancs.sn\/#\/schema\/logo\/image\/"},"sameAs":["https:\/\/www.facebook.com\/share\/1J8ELRMTiV\/?mibextid=LQQJ4d","https:\/\/www.youtube.com\/@alliancenationaledescommun1768\/featured","https:\/\/www.linkedin.com\/company\/alliance-nationale-des-communauts-pour-la-sant-ancs\/"]}]}},"_links":{"self":[{"href":"https:\/\/ancs.sn\/en\/wp-json\/wp\/v2\/pages\/19992","targetHints":{"allow":["GET"]}}],"collection":[{"href":"https:\/\/ancs.sn\/en\/wp-json\/wp\/v2\/pages"}],"about":[{"href":"https:\/\/ancs.sn\/en\/wp-json\/wp\/v2\/types\/page"}],"author":[{"embeddable":true,"href":"https:\/\/ancs.sn\/en\/wp-json\/wp\/v2\/users\/1"}],"replies":[{"embeddable":true,"href":"https:\/\/ancs.sn\/en\/wp-json\/wp\/v2\/comments?post=19992"}],"version-history":[{"count":28,"href":"https:\/\/ancs.sn\/en\/wp-json\/wp\/v2\/pages\/19992\/revisions"}],"predecessor-version":[{"id":22155,"href":"https:\/\/ancs.sn\/en\/wp-json\/wp\/v2\/pages\/19992\/revisions\/22155"}],"wp:attachment":[{"href":"https:\/\/ancs.sn\/en\/wp-json\/wp\/v2\/media?parent=19992"}],"curies":[{"name":"wp","href":"https:\/\/api.w.org\/{rel}","templated":true}]}}