{"id":19686,"date":"2024-10-16T15:47:14","date_gmt":"2024-10-16T15:47:14","guid":{"rendered":"https:\/\/ancs.sn\/?page_id=19686"},"modified":"2024-12-06T10:16:25","modified_gmt":"2024-12-06T10:16:25","slug":"cliniques-communautaires","status":"publish","type":"page","link":"https:\/\/ancs.sn\/en\/cliniques-communautaires\/","title":{"rendered":"Our Community Clinics"},"content":{"rendered":"<div data-elementor-type=\"wp-page\" data-elementor-id=\"19686\" class=\"elementor elementor-19686\" data-elementor-post-type=\"page\">\n\t\t\t\t\t\t<section class=\"elementor-section elementor-top-section elementor-element elementor-element-505fdbf elementor-section-full_width elementor-section-height-default elementor-section-height-default\" data-id=\"505fdbf\" data-element_type=\"section\" data-e-type=\"section\" data-settings=\"{&quot;background_background&quot;:&quot;classic&quot;}\">\n\t\t\t\t\t\t<div class=\"elementor-container elementor-column-gap-no\">\n\t\t\t\t\t<div class=\"elementor-column elementor-col-100 elementor-top-column elementor-element elementor-element-5d3b922\" data-id=\"5d3b922\" data-element_type=\"column\" data-e-type=\"column\">\n\t\t\t<div class=\"elementor-widget-wrap elementor-element-populated\">\n\t\t\t\t\t\t<div class=\"elementor-element elementor-element-c4269d9 elementor-widget elementor-widget-gimont_elementor_header_banner\" data-id=\"c4269d9\" data-element_type=\"widget\" data-e-type=\"widget\" data-widget_type=\"gimont_elementor_header_banner.default\">\n\t\t\t\t<div class=\"elementor-widget-container\">\n\t\t\t\t\t\t\t \t<!-- Display when you choose background per Post -->\n\t\t \t<div class=\"wrap_header_banner  center\"  >\n\n\t\t \t\t<div class=\"row_site\"><div class=\"container_site\">\t\t\t \t\n\t\t\t\t \t<div class=\"cover_color\"><\/div>\n\n\t\t\t\t\t<div class=\"header_banner_el\">\n\n\t\t\t\t\t\t\t\t\t\t\t\t\n\t\t\t\t\t\t\t\t\t\t\t\t\t<div class=\"header_breadcrumbs\">\n\t\t\t\t\t\t\t\t<div id=\"breadcrumbs\"><ul class=\"breadcrumb\"><li><a href=\"https:\/\/ancs.sn\/en\/\" title=\"Home\">Home<\/a><\/li> <li class=\"li_separator\"><span class=\"separator\"><i class=\"ovaicon-next\"><\/i><\/span><\/li><li>Page<\/li><\/ul><\/div>\t\t\t\t\t\t\t<\/div>\n\t\t\t\t\t\t\n\t\t\t\t\t\t\t\t\t\t\t\t\t\n\t\t\t\t\t\t\t\n\t\t\t\t\t\t\t\t\t\t\t\t\t\t<h1 class=\"header_title\">\n\t\t\t\t\t\t\t\t\t\t\t\t\t\t\t<\/h1>\n\t\t\t\t\t\t\t\t\n\t\t\t\t\t\t\n\t\t\t\t\t<\/div>\n\n\t\t\t\t <\/div><\/div> \n\t\t\t<\/div>\n\t\t\t\t\t\t<\/div>\n\t\t\t\t<\/div>\n\t\t\t\t\t<\/div>\n\t\t<\/div>\n\t\t\t\t\t<\/div>\n\t\t<\/section>\n\t\t\t\t<section class=\"elementor-section elementor-top-section elementor-element elementor-element-939ead8 elementor-section-boxed elementor-section-height-default elementor-section-height-default elementor-invisible\" data-id=\"939ead8\" data-element_type=\"section\" data-e-type=\"section\" data-settings=\"{&quot;background_background&quot;:&quot;classic&quot;,&quot;animation&quot;:&quot;slideInUp&quot;}\">\n\t\t\t\t\t\t\t<div class=\"elementor-background-overlay\"><\/div>\n\t\t\t\t\t\t\t<div class=\"elementor-container elementor-column-gap-default\">\n\t\t\t\t\t<div class=\"elementor-column elementor-col-100 elementor-top-column elementor-element elementor-element-8339ad1\" data-id=\"8339ad1\" data-element_type=\"column\" data-e-type=\"column\">\n\t\t\t<div class=\"elementor-widget-wrap elementor-element-populated\">\n\t\t\t\t\t\t<section class=\"elementor-section elementor-inner-section elementor-element elementor-element-27e4726 elementor-section-full_width elementor-section-height-default elementor-section-height-default\" data-id=\"27e4726\" data-element_type=\"section\" data-e-type=\"section\">\n\t\t\t\t\t\t<div class=\"elementor-container elementor-column-gap-no\">\n\t\t\t\t\t<div class=\"elementor-column elementor-col-100 elementor-inner-column elementor-element elementor-element-29bbc51\" data-id=\"29bbc51\" data-element_type=\"column\" data-e-type=\"column\" data-settings=\"{&quot;animation&quot;:&quot;none&quot;}\">\n\t\t\t<div class=\"elementor-widget-wrap elementor-element-populated\">\n\t\t\t\t\t\t<div class=\"elementor-element elementor-element-0abd6e0 elementor-widget elementor-widget-gimont_elementor_heading\" data-id=\"0abd6e0\" data-element_type=\"widget\" data-e-type=\"widget\" data-widget_type=\"gimont_elementor_heading.default\">\n\t\t\t\t<div class=\"elementor-widget-container\">\n\t\t\t\t\t\n\t\t\t<div class=\"ova-heading template_1\">\n\t\t\t\t\t\t\t\t\t\t\t\t\t\t\t<span class=\"line\"><\/span>\n\t\t\t\t\t\t\t\t\t\t<span class=\"subtitle\">Our clinics<\/span>\n\t\t\t\t\t\t\t\t\t\t\t\t\t\n\t\t\t\t\t\t\t\t\t\t\t\t\t\t\t<h2 class=\"title\">Our Community Clinics<\/h2>\n\t\t\t\t\t\t\t\t\t\t\n\t\t\t\t\t\t\t\t\n\t\t\t\t\n\t\t\t<\/div>\n\n\t\t\t\t\t\t<\/div>\n\t\t\t\t<\/div>\n\t\t\t\t\t<\/div>\n\t\t<\/div>\n\t\t\t\t\t<\/div>\n\t\t<\/section>\n\t\t\t\t<section class=\"elementor-section elementor-inner-section elementor-element elementor-element-fe89e5b elementor-section-full_width elementor-section-height-default elementor-section-height-default\" data-id=\"fe89e5b\" data-element_type=\"section\" data-e-type=\"section\" data-settings=\"{&quot;animation&quot;:&quot;none&quot;}\">\n\t\t\t\t\t\t<div class=\"elementor-container elementor-column-gap-no\">\n\t\t\t\t\t<div class=\"elementor-column elementor-col-33 elementor-inner-column elementor-element elementor-element-3cdda99\" data-id=\"3cdda99\" data-element_type=\"column\" data-e-type=\"column\" data-settings=\"{&quot;animation&quot;:&quot;none&quot;,&quot;background_background&quot;:&quot;classic&quot;}\">\n\t\t\t<div class=\"elementor-widget-wrap elementor-element-populated\">\n\t\t\t\t\t\t<div class=\"elementor-element elementor-element-b698dce elementor-widget elementor-widget-gimont_elementor_image_box\" data-id=\"b698dce\" data-element_type=\"widget\" data-e-type=\"widget\" data-widget_type=\"gimont_elementor_image_box.default\">\n\t\t\t\t<div class=\"elementor-widget-container\">\n\t\t\t\t\t\n\t\t\t<div class=\"ova-image-box\">\n\n\t\t\t\t\t\t\t\t\t<img decoding=\"async\" src=\"https:\/\/ancs.sn\/wp-content\/uploads\/2024\/11\/DAKAR.jpg\" alt=\"DAKAR\" class=\"img-box\">\n\t\t\t\t\n\t\t\t\t<div class=\"content_inner\">\n\t\t\t\t\t\t\t\t\t\t\t\t\t\t\t\t\t<a href=\"https:\/\/ancs.sn\/en\/dakar\/\" class=\"text_link\"  >\n\t\t\t\t\t\t\t\t\t\t\t\t\t<h3 class=\"title\">Dakar<\/h3>\n\t\t\t\t\t\t\t\t\t\t\t\t<\/a>\n\t\t\t\t\t\t\t\t\t\t\t\t\t\t\t\t\t\t\t\t\t\t<p class=\"description\">Address: Thiaroye Route des Niayes, tally Diallo<\/p>\n\t\t\t\t\t\t\t\t\t\t\t\t\t\t\t\t<a href=\"https:\/\/ancs.sn\/en\/dakar\/\" class=\"text_link\"  >\n\t\t\t\t\t\t\t<span class=\"text-button\">\n\t\t\t\t\t\t\t\tView More\t\t\t\t\t\t\t<\/span>\n\t\t\t\t\t\t\t<i aria-hidden=\"true\" class=\"flaticonnew- flaticon-new-right\"><\/i>\n\t\t\t\t\t\t<\/a>\n\t\t\t\t\t\t\t\t\t<\/div>\n\n\t\t\t<\/div>\n\n\t\t\t\t\t\t<\/div>\n\t\t\t\t<\/div>\n\t\t\t\t\t<\/div>\n\t\t<\/div>\n\t\t\t\t<div class=\"elementor-column elementor-col-33 elementor-inner-column elementor-element elementor-element-619e5fd\" data-id=\"619e5fd\" data-element_type=\"column\" data-e-type=\"column\" data-settings=\"{&quot;background_background&quot;:&quot;classic&quot;}\">\n\t\t\t<div class=\"elementor-widget-wrap elementor-element-populated\">\n\t\t\t\t\t\t<div class=\"elementor-element elementor-element-fc27145 elementor-widget elementor-widget-gimont_elementor_image_box\" data-id=\"fc27145\" data-element_type=\"widget\" data-e-type=\"widget\" data-widget_type=\"gimont_elementor_image_box.default\">\n\t\t\t\t<div class=\"elementor-widget-container\">\n\t\t\t\t\t\n\t\t\t<div class=\"ova-image-box\">\n\n\t\t\t\t\t\t\t\t\t<img decoding=\"async\" src=\"https:\/\/ancs.sn\/wp-content\/uploads\/2024\/11\/KAOLACK.jpg\" alt=\"KAOLACK\" class=\"img-box\">\n\t\t\t\t\n\t\t\t\t<div class=\"content_inner\">\n\t\t\t\t\t\t\t\t\t\t\t\t\t\t\t\t\t<a href=\"https:\/\/ancs.sn\/en\/kaolack\/\" class=\"text_link\"  >\n\t\t\t\t\t\t\t\t\t\t\t\t\t<h3 class=\"title\">Kaolack<\/h3>\n\t\t\t\t\t\t\t\t\t\t\t\t<\/a>\n\t\t\t\t\t\t\t\t\t\t\t\t\t\t\t\t\t\t\t\t\t\t<p class=\"description\">Address: Ndorong, Kaolack<\/p>\n\t\t\t\t\t\t\t\t\t\t\t\t\t\t\t\t<a href=\"https:\/\/ancs.sn\/en\/kaolack\/\" class=\"text_link\"  >\n\t\t\t\t\t\t\t<span class=\"text-button\">\n\t\t\t\t\t\t\t\tView More\t\t\t\t\t\t\t<\/span>\n\t\t\t\t\t\t\t<i aria-hidden=\"true\" class=\"flaticonnew- flaticon-new-right\"><\/i>\n\t\t\t\t\t\t<\/a>\n\t\t\t\t\t\t\t\t\t<\/div>\n\n\t\t\t<\/div>\n\n\t\t\t\t\t\t<\/div>\n\t\t\t\t<\/div>\n\t\t\t\t\t<\/div>\n\t\t<\/div>\n\t\t\t\t<div class=\"elementor-column elementor-col-33 elementor-inner-column elementor-element elementor-element-8ff62c2\" data-id=\"8ff62c2\" data-element_type=\"column\" data-e-type=\"column\" data-settings=\"{&quot;background_background&quot;:&quot;classic&quot;}\">\n\t\t\t<div class=\"elementor-widget-wrap elementor-element-populated\">\n\t\t\t\t\t\t<div class=\"elementor-element elementor-element-8398bfe elementor-widget elementor-widget-gimont_elementor_image_box\" data-id=\"8398bfe\" data-element_type=\"widget\" data-e-type=\"widget\" data-widget_type=\"gimont_elementor_image_box.default\">\n\t\t\t\t<div class=\"elementor-widget-container\">\n\t\t\t\t\t\n\t\t\t<div class=\"ova-image-box\">\n\n\t\t\t\t\t\t\t\t\t<img decoding=\"async\" src=\"https:\/\/ancs.sn\/wp-content\/uploads\/2024\/11\/SEDHIOU.jpg\" alt=\"SEDHIOU\" class=\"img-box\">\n\t\t\t\t\n\t\t\t\t<div class=\"content_inner\">\n\t\t\t\t\t\t\t\t\t\t\t\t\t\t\t\t\t<a href=\"https:\/\/ancs.sn\/en\/sedhiou\/\" class=\"text_link\"  >\n\t\t\t\t\t\t\t\t\t\t\t\t\t<h3 class=\"title\">Sedhiou<\/h3>\n\t\t\t\t\t\t\t\t\t\t\t\t<\/a>\n\t\t\t\t\t\t\t\t\t\t\t\t\t\t\t\t\t\t\t\t\t\t<p class=\"description\">Address: Santsou 3, behind school 8, S\u00e9dhiou<\/p>\n\t\t\t\t\t\t\t\t\t\t\t\t\t\t\t\t<a href=\"https:\/\/ancs.sn\/en\/sedhiou\/\" class=\"text_link\"  >\n\t\t\t\t\t\t\t<span class=\"text-button\">\n\t\t\t\t\t\t\t\tView More\t\t\t\t\t\t\t<\/span>\n\t\t\t\t\t\t\t<i aria-hidden=\"true\" class=\"flaticonnew- flaticon-new-right\"><\/i>\n\t\t\t\t\t\t<\/a>\n\t\t\t\t\t\t\t\t\t<\/div>\n\n\t\t\t<\/div>\n\n\t\t\t\t\t\t<\/div>\n\t\t\t\t<\/div>\n\t\t\t\t\t<\/div>\n\t\t<\/div>\n\t\t\t\t\t<\/div>\n\t\t<\/section>\n\t\t\t\t\t<\/div>\n\t\t<\/div>\n\t\t\t\t\t<\/div>\n\t\t<\/section>\n\t\t\t\t<\/div>","protected":false},"excerpt":{"rendered":"<p>Home Page Nos Cliniques Nos Cliniques Communautaires Dakar Adresse : Thiaroye Route des Niayes, tally Diallo Voir Plus Kaolack Adresse : Ndorong, Kaolack Voir Plus S\u00e9dhiou Adresse : Santsou 3, derri\u00e8re l\u2019\u00e9cole 8, S\u00e9dhiou Voir Plus<\/p>","protected":false},"author":1,"featured_media":0,"parent":0,"menu_order":0,"comment_status":"closed","ping_status":"closed","template":"elementor_header_footer","meta":{"footnotes":""},"class_list":["post-19686","page","type-page","status-publish","hentry"],"yoast_head":"<!-- This site is optimized with the Yoast SEO Premium plugin v24.0 (Yoast SEO v27.5) - https:\/\/yoast.com\/product\/yoast-seo-premium-wordpress\/ -->\n<title>Cliniques Communautaires - ANCS<\/title>\n<meta name=\"description\" content=\"Explorez les cliniques communautaires de l&#039;ANCS, d\u00e9di\u00e9es \u00e0 l&#039;acc\u00e8s aux soins de sant\u00e9, \u00e0 la pr\u00e9vention du VIH, et \u00e0 la promotion des droits humains pour des communaut\u00e9s r\u00e9silientes au S\u00e9n\u00e9gal.\" \/>\n<meta name=\"robots\" content=\"index, follow, max-snippet:-1, max-image-preview:large, max-video-preview:-1\" \/>\n<link rel=\"canonical\" href=\"https:\/\/ancs.sn\/en\/cliniques-communautaires\/\" \/>\n<meta property=\"og:locale\" content=\"en_US\" \/>\n<meta property=\"og:type\" content=\"article\" \/>\n<meta property=\"og:title\" content=\"Cliniques Communautaires\" \/>\n<meta property=\"og:description\" content=\"Explorez les cliniques communautaires de l&#039;ANCS, d\u00e9di\u00e9es \u00e0 l&#039;acc\u00e8s aux soins de sant\u00e9, \u00e0 la pr\u00e9vention du VIH, et \u00e0 la promotion des droits humains pour des communaut\u00e9s r\u00e9silientes au S\u00e9n\u00e9gal.\" \/>\n<meta property=\"og:url\" content=\"https:\/\/ancs.sn\/en\/cliniques-communautaires\/\" \/>\n<meta property=\"og:site_name\" content=\"ANCS\" \/>\n<meta property=\"article:publisher\" content=\"https:\/\/www.facebook.com\/share\/1J8ELRMTiV\/?mibextid=LQQJ4d\" \/>\n<meta property=\"article:modified_time\" content=\"2024-12-06T10:16:25+00:00\" \/>\n<meta property=\"og:image\" content=\"https:\/\/ancs.sn\/wp-content\/uploads\/2024\/11\/DAKAR.jpg\" \/>\n<meta name=\"twitter:card\" content=\"summary_large_image\" \/>\n<meta name=\"twitter:label1\" content=\"Est. reading time\" \/>\n\t<meta name=\"twitter:data1\" content=\"1 minute\" \/>\n<script type=\"application\/ld+json\" class=\"yoast-schema-graph\">{\"@context\":\"https:\\\/\\\/schema.org\",\"@graph\":[{\"@type\":\"WebPage\",\"@id\":\"https:\\\/\\\/ancs.sn\\\/cliniques-communautaires\\\/\",\"url\":\"https:\\\/\\\/ancs.sn\\\/cliniques-communautaires\\\/\",\"name\":\"Cliniques Communautaires - ANCS\",\"isPartOf\":{\"@id\":\"https:\\\/\\\/ancs.sn\\\/#website\"},\"primaryImageOfPage\":{\"@id\":\"https:\\\/\\\/ancs.sn\\\/cliniques-communautaires\\\/#primaryimage\"},\"image\":{\"@id\":\"https:\\\/\\\/ancs.sn\\\/cliniques-communautaires\\\/#primaryimage\"},\"thumbnailUrl\":\"https:\\\/\\\/ancs.sn\\\/wp-content\\\/uploads\\\/2024\\\/11\\\/DAKAR.jpg\",\"datePublished\":\"2024-10-16T15:47:14+00:00\",\"dateModified\":\"2024-12-06T10:16:25+00:00\",\"description\":\"Explorez les cliniques communautaires de l'ANCS, d\u00e9di\u00e9es \u00e0 l'acc\u00e8s aux soins de sant\u00e9, \u00e0 la pr\u00e9vention du VIH, et \u00e0 la promotion des droits humains pour des communaut\u00e9s r\u00e9silientes au S\u00e9n\u00e9gal.\",\"breadcrumb\":{\"@id\":\"https:\\\/\\\/ancs.sn\\\/cliniques-communautaires\\\/#breadcrumb\"},\"inLanguage\":\"en-NZ\",\"potentialAction\":[{\"@type\":\"ReadAction\",\"target\":[\"https:\\\/\\\/ancs.sn\\\/cliniques-communautaires\\\/\"]}]},{\"@type\":\"ImageObject\",\"inLanguage\":\"en-NZ\",\"@id\":\"https:\\\/\\\/ancs.sn\\\/cliniques-communautaires\\\/#primaryimage\",\"url\":\"https:\\\/\\\/ancs.sn\\\/wp-content\\\/uploads\\\/2024\\\/11\\\/DAKAR.jpg\",\"contentUrl\":\"https:\\\/\\\/ancs.sn\\\/wp-content\\\/uploads\\\/2024\\\/11\\\/DAKAR.jpg\"},{\"@type\":\"BreadcrumbList\",\"@id\":\"https:\\\/\\\/ancs.sn\\\/cliniques-communautaires\\\/#breadcrumb\",\"itemListElement\":[{\"@type\":\"ListItem\",\"position\":1,\"name\":\"Accueil\",\"item\":\"https:\\\/\\\/ancs.sn\\\/\"},{\"@type\":\"ListItem\",\"position\":2,\"name\":\"Cliniques Communautaires\"}]},{\"@type\":\"WebSite\",\"@id\":\"https:\\\/\\\/ancs.sn\\\/#website\",\"url\":\"https:\\\/\\\/ancs.sn\\\/\",\"name\":\"ANCS\",\"description\":\"Alliance Nationale des Communaut\u00e9s pour la Sant\u00e9\",\"publisher\":{\"@id\":\"https:\\\/\\\/ancs.sn\\\/#organization\"},\"potentialAction\":[{\"@type\":\"SearchAction\",\"target\":{\"@type\":\"EntryPoint\",\"urlTemplate\":\"https:\\\/\\\/ancs.sn\\\/?s={search_term_string}\"},\"query-input\":{\"@type\":\"PropertyValueSpecification\",\"valueRequired\":true,\"valueName\":\"search_term_string\"}}],\"inLanguage\":\"en-NZ\"},{\"@type\":\"Organization\",\"@id\":\"https:\\\/\\\/ancs.sn\\\/#organization\",\"name\":\"Alliance Nationale des Communaut\u00e9s pour la Sant\u00e9\",\"url\":\"https:\\\/\\\/ancs.sn\\\/\",\"logo\":{\"@type\":\"ImageObject\",\"inLanguage\":\"en-NZ\",\"@id\":\"https:\\\/\\\/ancs.sn\\\/#\\\/schema\\\/logo\\\/image\\\/\",\"url\":\"https:\\\/\\\/ancs.sn\\\/wp-content\\\/uploads\\\/2024\\\/10\\\/nouveau-logo-ANCS-01.png\",\"contentUrl\":\"https:\\\/\\\/ancs.sn\\\/wp-content\\\/uploads\\\/2024\\\/10\\\/nouveau-logo-ANCS-01.png\",\"width\":843,\"height\":596,\"caption\":\"Alliance Nationale des Communaut\u00e9s pour la Sant\u00e9\"},\"image\":{\"@id\":\"https:\\\/\\\/ancs.sn\\\/#\\\/schema\\\/logo\\\/image\\\/\"},\"sameAs\":[\"https:\\\/\\\/www.facebook.com\\\/share\\\/1J8ELRMTiV\\\/?mibextid=LQQJ4d\",\"https:\\\/\\\/www.youtube.com\\\/@alliancenationaledescommun1768\\\/featured\",\"https:\\\/\\\/www.linkedin.com\\\/company\\\/alliance-nationale-des-communauts-pour-la-sant-ancs\\\/\"]}]}<\/script>\n<!-- \/ Yoast SEO Premium plugin. -->","yoast_head_json":{"title":"Cliniques Communautaires - ANCS","description":"Explorez les cliniques communautaires de l'ANCS, d\u00e9di\u00e9es \u00e0 l'acc\u00e8s aux soins de sant\u00e9, \u00e0 la pr\u00e9vention du VIH, et \u00e0 la promotion des droits humains pour des communaut\u00e9s r\u00e9silientes au S\u00e9n\u00e9gal.","robots":{"index":"index","follow":"follow","max-snippet":"max-snippet:-1","max-image-preview":"max-image-preview:large","max-video-preview":"max-video-preview:-1"},"canonical":"https:\/\/ancs.sn\/en\/cliniques-communautaires\/","og_locale":"en_US","og_type":"article","og_title":"Cliniques Communautaires","og_description":"Explorez les cliniques communautaires de l'ANCS, d\u00e9di\u00e9es \u00e0 l'acc\u00e8s aux soins de sant\u00e9, \u00e0 la pr\u00e9vention du VIH, et \u00e0 la promotion des droits humains pour des communaut\u00e9s r\u00e9silientes au S\u00e9n\u00e9gal.","og_url":"https:\/\/ancs.sn\/en\/cliniques-communautaires\/","og_site_name":"ANCS","article_publisher":"https:\/\/www.facebook.com\/share\/1J8ELRMTiV\/?mibextid=LQQJ4d","article_modified_time":"2024-12-06T10:16:25+00:00","og_image":[{"url":"https:\/\/ancs.sn\/wp-content\/uploads\/2024\/11\/DAKAR.jpg","type":"","width":"","height":""}],"twitter_card":"summary_large_image","twitter_misc":{"Est. reading time":"1 minute"},"schema":{"@context":"https:\/\/schema.org","@graph":[{"@type":"WebPage","@id":"https:\/\/ancs.sn\/cliniques-communautaires\/","url":"https:\/\/ancs.sn\/cliniques-communautaires\/","name":"Cliniques Communautaires - ANCS","isPartOf":{"@id":"https:\/\/ancs.sn\/#website"},"primaryImageOfPage":{"@id":"https:\/\/ancs.sn\/cliniques-communautaires\/#primaryimage"},"image":{"@id":"https:\/\/ancs.sn\/cliniques-communautaires\/#primaryimage"},"thumbnailUrl":"https:\/\/ancs.sn\/wp-content\/uploads\/2024\/11\/DAKAR.jpg","datePublished":"2024-10-16T15:47:14+00:00","dateModified":"2024-12-06T10:16:25+00:00","description":"Explorez les cliniques communautaires de l'ANCS, d\u00e9di\u00e9es \u00e0 l'acc\u00e8s aux soins de sant\u00e9, \u00e0 la pr\u00e9vention du VIH, et \u00e0 la promotion des droits humains pour des communaut\u00e9s r\u00e9silientes au S\u00e9n\u00e9gal.","breadcrumb":{"@id":"https:\/\/ancs.sn\/cliniques-communautaires\/#breadcrumb"},"inLanguage":"en-NZ","potentialAction":[{"@type":"ReadAction","target":["https:\/\/ancs.sn\/cliniques-communautaires\/"]}]},{"@type":"ImageObject","inLanguage":"en-NZ","@id":"https:\/\/ancs.sn\/cliniques-communautaires\/#primaryimage","url":"https:\/\/ancs.sn\/wp-content\/uploads\/2024\/11\/DAKAR.jpg","contentUrl":"https:\/\/ancs.sn\/wp-content\/uploads\/2024\/11\/DAKAR.jpg"},{"@type":"BreadcrumbList","@id":"https:\/\/ancs.sn\/cliniques-communautaires\/#breadcrumb","itemListElement":[{"@type":"ListItem","position":1,"name":"Accueil","item":"https:\/\/ancs.sn\/"},{"@type":"ListItem","position":2,"name":"Cliniques Communautaires"}]},{"@type":"WebSite","@id":"https:\/\/ancs.sn\/#website","url":"https:\/\/ancs.sn\/","name":"ANCS","description":"National Alliance of Communities for Health","publisher":{"@id":"https:\/\/ancs.sn\/#organization"},"potentialAction":[{"@type":"SearchAction","target":{"@type":"EntryPoint","urlTemplate":"https:\/\/ancs.sn\/?s={search_term_string}"},"query-input":{"@type":"PropertyValueSpecification","valueRequired":true,"valueName":"search_term_string"}}],"inLanguage":"en-NZ"},{"@type":"Organization","@id":"https:\/\/ancs.sn\/#organization","name":"National Alliance of Communities for Health","url":"https:\/\/ancs.sn\/","logo":{"@type":"ImageObject","inLanguage":"en-NZ","@id":"https:\/\/ancs.sn\/#\/schema\/logo\/image\/","url":"https:\/\/ancs.sn\/wp-content\/uploads\/2024\/10\/nouveau-logo-ANCS-01.png","contentUrl":"https:\/\/ancs.sn\/wp-content\/uploads\/2024\/10\/nouveau-logo-ANCS-01.png","width":843,"height":596,"caption":"Alliance Nationale des Communaut\u00e9s pour la Sant\u00e9"},"image":{"@id":"https:\/\/ancs.sn\/#\/schema\/logo\/image\/"},"sameAs":["https:\/\/www.facebook.com\/share\/1J8ELRMTiV\/?mibextid=LQQJ4d","https:\/\/www.youtube.com\/@alliancenationaledescommun1768\/featured","https:\/\/www.linkedin.com\/company\/alliance-nationale-des-communauts-pour-la-sant-ancs\/"]}]}},"_links":{"self":[{"href":"https:\/\/ancs.sn\/en\/wp-json\/wp\/v2\/pages\/19686","targetHints":{"allow":["GET"]}}],"collection":[{"href":"https:\/\/ancs.sn\/en\/wp-json\/wp\/v2\/pages"}],"about":[{"href":"https:\/\/ancs.sn\/en\/wp-json\/wp\/v2\/types\/page"}],"author":[{"embeddable":true,"href":"https:\/\/ancs.sn\/en\/wp-json\/wp\/v2\/users\/1"}],"replies":[{"embeddable":true,"href":"https:\/\/ancs.sn\/en\/wp-json\/wp\/v2\/comments?post=19686"}],"version-history":[{"count":13,"href":"https:\/\/ancs.sn\/en\/wp-json\/wp\/v2\/pages\/19686\/revisions"}],"predecessor-version":[{"id":21958,"href":"https:\/\/ancs.sn\/en\/wp-json\/wp\/v2\/pages\/19686\/revisions\/21958"}],"wp:attachment":[{"href":"https:\/\/ancs.sn\/en\/wp-json\/wp\/v2\/media?parent=19686"}],"curies":[{"name":"wp","href":"https:\/\/api.w.org\/{rel}","templated":true}]}}