{"id":19613,"date":"2024-10-16T11:55:40","date_gmt":"2024-10-16T11:55:40","guid":{"rendered":"https:\/\/ancs.sn\/?page_id=19613"},"modified":"2024-12-06T10:29:40","modified_gmt":"2024-12-06T10:29:40","slug":"documents","status":"publish","type":"page","link":"https:\/\/ancs.sn\/en\/documents\/","title":{"rendered":"Documents"},"content":{"rendered":"<div data-elementor-type=\"wp-page\" data-elementor-id=\"19613\" class=\"elementor elementor-19613\" data-elementor-post-type=\"page\">\n\t\t\t\t\t\t<section class=\"elementor-section elementor-top-section elementor-element elementor-element-505fdbf elementor-section-full_width elementor-section-height-default elementor-section-height-default\" data-id=\"505fdbf\" data-element_type=\"section\" data-e-type=\"section\" data-settings=\"{&quot;background_background&quot;:&quot;classic&quot;}\">\n\t\t\t\t\t\t<div class=\"elementor-container elementor-column-gap-no\">\n\t\t\t\t\t<div class=\"elementor-column elementor-col-100 elementor-top-column elementor-element elementor-element-5d3b922\" data-id=\"5d3b922\" data-element_type=\"column\" data-e-type=\"column\">\n\t\t\t<div class=\"elementor-widget-wrap elementor-element-populated\">\n\t\t\t\t\t\t<div class=\"elementor-element elementor-element-c4269d9 elementor-widget elementor-widget-gimont_elementor_header_banner\" data-id=\"c4269d9\" data-element_type=\"widget\" data-e-type=\"widget\" data-widget_type=\"gimont_elementor_header_banner.default\">\n\t\t\t\t<div class=\"elementor-widget-container\">\n\t\t\t\t\t\t\t \t<!-- Display when you choose background per Post -->\n\t\t \t<div class=\"wrap_header_banner  center\"  >\n\n\t\t \t\t<div class=\"row_site\"><div class=\"container_site\">\t\t\t \t\n\t\t\t\t \t<div class=\"cover_color\"><\/div>\n\n\t\t\t\t\t<div class=\"header_banner_el\">\n\n\t\t\t\t\t\t\t\t\t\t\t\t\n\t\t\t\t\t\t\t\t\t\t\t\t\t<div class=\"header_breadcrumbs\">\n\t\t\t\t\t\t\t\t<div id=\"breadcrumbs\"><ul class=\"breadcrumb\"><li><a href=\"https:\/\/ancs.sn\/en\/\" title=\"Home\">Home<\/a><\/li> <li class=\"li_separator\"><span class=\"separator\"><i class=\"ovaicon-next\"><\/i><\/span><\/li><li>Page<\/li><\/ul><\/div>\t\t\t\t\t\t\t<\/div>\n\t\t\t\t\t\t\n\t\t\t\t\t\t\t\t\t\t\t\t\t\n\t\t\t\t\t\t\t\n\t\t\t\t\t\t\t\t\t\t\t\t\t\t<h1 class=\"header_title\">\n\t\t\t\t\t\t\t\t\t\t\t\t\t\t\t<\/h1>\n\t\t\t\t\t\t\t\t\n\t\t\t\t\t\t\n\t\t\t\t\t<\/div>\n\n\t\t\t\t <\/div><\/div> \n\t\t\t<\/div>\n\t\t\t\t\t\t<\/div>\n\t\t\t\t<\/div>\n\t\t\t\t\t<\/div>\n\t\t<\/div>\n\t\t\t\t\t<\/div>\n\t\t<\/section>\n\t\t\t\t<section class=\"elementor-section elementor-top-section elementor-element elementor-element-aa3f1d4 elementor-section-boxed elementor-section-height-default elementor-section-height-default\" data-id=\"aa3f1d4\" data-element_type=\"section\" data-e-type=\"section\" data-settings=\"{&quot;background_background&quot;:&quot;classic&quot;}\">\n\t\t\t\t\t\t\t<div class=\"elementor-background-overlay\"><\/div>\n\t\t\t\t\t\t\t<div class=\"elementor-container elementor-column-gap-default\">\n\t\t\t\t\t<div class=\"elementor-column elementor-col-100 elementor-top-column elementor-element elementor-element-774dfe6\" data-id=\"774dfe6\" data-element_type=\"column\" data-e-type=\"column\" data-settings=\"{&quot;background_background&quot;:&quot;gradient&quot;}\">\n\t\t\t<div class=\"elementor-widget-wrap elementor-element-populated\">\n\t\t\t\t\t\t<div class=\"elementor-element elementor-element-01f4bfe elementor-widget elementor-widget-ova_document_ajax\" data-id=\"01f4bfe\" data-element_type=\"widget\" data-e-type=\"widget\" data-widget_type=\"ova_document_ajax.default\">\n\t\t\t\t<div class=\"elementor-widget-container\">\n\t\t\t\t\t\n<div class=\"ova-doc-archive ova-document-ajax two_column\" data-names=\"{&quot;22386&quot;:&quot;Rapport annuel 2024&quot;,&quot;22314&quot;:&quot;Rapport annuel ANCS 2023&quot;,&quot;22298&quot;:&quot;Semestriel 2025&quot;,&quot;22146&quot;:&quot;Semestriel 2023&quot;,&quot;22143&quot;:&quot;Semestriel 2021&quot;,&quot;22139&quot;:&quot;Semestriel 2020&quot;,&quot;22136&quot;:&quot;Semestriel 2019&quot;,&quot;22131&quot;:&quot;Semestriel 2018&quot;,&quot;22128&quot;:&quot;Semestriel 2015&quot;,&quot;22125&quot;:&quot;Semestriel 2012&quot;}\">\n\n\t\t\t<div class=\"ova-doc-category\">\n\t\t\t\t\t\t\t<h2 class=\"title\">\n\t\t\t\t\tOur documents\t\t\t\t<\/h2>\n\t\t\t\n\t\t\t<ul class=\"document-cat-list\">\n\t\t\t\t\t\t\t\t\t<li class=\"item\">\n\t\t\t\t\t\t<a href=\"https:\/\/ancs.sn\/en\/cat_doc\/roads-transports\/\"\n\t\t\t\t\t\t\tclass=\"item-link\"\n\t\t\t\t\t\t\tdata-slug=\"roads-transports\"\n\t\t\t\t\t\t\ttitle=\"Rapports\"\n\t\t\t\t\t\t>\n\t\t\t\t\t\t<span class=\"cate_name\">\n\t\t\t\t\t\t\tRapports\t\t\t\t\t\t<\/span>\n\t\t\t\t\t\t\t\n\t\t\t\t\t\t<\/a>\n\t\t\t\t\t\t\t\t\t\t\t<\/li>\n\t\t\t\t\t\t\t\t\t<li class=\"item\">\n\t\t\t\t\t\t<a href=\"https:\/\/ancs.sn\/en\/cat_doc\/public-works\/\"\n\t\t\t\t\t\t\tclass=\"item-link\"\n\t\t\t\t\t\t\tdata-slug=\"public-works\"\n\t\t\t\t\t\t\ttitle=\"Semestriel\"\n\t\t\t\t\t\t>\n\t\t\t\t\t\t<span class=\"cate_name\">\n\t\t\t\t\t\t\tSemestriel\t\t\t\t\t\t<\/span>\n\t\t\t\t\t\t\t\n\t\t\t\t\t\t<\/a>\n\t\t\t\t\t\t\t\t\t\t\t<\/li>\n\t\t\t\t\t\t\t<\/ul>\n\t\t<\/div>\n\t\n\t<div class=\"ova-doc-content\">\n\t\t\n\t\t<span class=\"loader doc_loader\"><\/span>\n\n\t\t<div class=\"content_inner\" data-args_show=\"{&quot;show_date&quot;:&quot;&quot;,&quot;show_title&quot;:&quot;yes&quot;,&quot;show_link_to&quot;:&quot;&quot;,&quot;show_view_icon&quot;:&quot;&quot;,&quot;show_download_icon&quot;:&quot;yes&quot;}\">\n\t\t\t\n\t<div class=\"ova-doc-overlay\"><\/div>\n\n\t\t\t\t<ul class=\"document-list\">\n\t\t\t\t\t\t\t<li class=\"item\">\n\t\t\t\t\t<div class=\"item-wrap\">\n\t\t\t\t\t\t<div class=\"info\">\n\t\t\t\t\t\t\t\n\t\t\t\t\t\t\t\n\t\t\t\t\t\t\t\t\t\t\t\t\t\t\t\t\t\t\t\t\t\t\t\t<h3 class=\"title\">\n\t\t\t\t\t\t\t\t\t\tRapport annuel 2024\t\t\t\t\t\t\t\t\t<\/h3>\n\t\t\t\t\t\t\t\t\t\t\t\t\t\t\t\t\t\t\t\t\t<\/div>\n\n\t\t\t\t\t\t\t\t\t\t\t\t\t<a href=\"#\" class=\"icon\" data-id=\"22386\"\n\t\t\t\t\t\t\t\taria-label=\"Download file\"\n\t\t\t\t\t\t\t\ttitle=\"Download file\"\n\t\t\t\t\t\t\t>\n\t\t\t\t\t\t\t\t<i class=\"gimonticon-download\" aria-hidden=\"true\"><\/i>\n\t\t\t\t\t\t\t<\/a>\n\t\t\t\t\t\t\t\t\t\t\t<\/div>\n\t\t\t\t<\/li>\n\t\t\t\t\t\t\t<li class=\"item\">\n\t\t\t\t\t<div class=\"item-wrap\">\n\t\t\t\t\t\t<div class=\"info\">\n\t\t\t\t\t\t\t\n\t\t\t\t\t\t\t\n\t\t\t\t\t\t\t\t\t\t\t\t\t\t\t\t\t\t\t\t\t\t\t\t<h3 class=\"title\">\n\t\t\t\t\t\t\t\t\t\tRapport annuel ANCS 2023\t\t\t\t\t\t\t\t\t<\/h3>\n\t\t\t\t\t\t\t\t\t\t\t\t\t\t\t\t\t\t\t\t\t<\/div>\n\n\t\t\t\t\t\t\t\t\t\t\t\t\t<a href=\"#\" class=\"icon\" data-id=\"22314\"\n\t\t\t\t\t\t\t\taria-label=\"Download file\"\n\t\t\t\t\t\t\t\ttitle=\"Download file\"\n\t\t\t\t\t\t\t>\n\t\t\t\t\t\t\t\t<i class=\"gimonticon-download\" aria-hidden=\"true\"><\/i>\n\t\t\t\t\t\t\t<\/a>\n\t\t\t\t\t\t\t\t\t\t\t<\/div>\n\t\t\t\t<\/li>\n\t\t\t\t\t\t\t<li class=\"item\">\n\t\t\t\t\t<div class=\"item-wrap\">\n\t\t\t\t\t\t<div class=\"info\">\n\t\t\t\t\t\t\t\n\t\t\t\t\t\t\t\n\t\t\t\t\t\t\t\t\t\t\t\t\t\t\t\t\t\t\t\t\t\t\t\t<h3 class=\"title\">\n\t\t\t\t\t\t\t\t\t\tSemestriel 2012\t\t\t\t\t\t\t\t\t<\/h3>\n\t\t\t\t\t\t\t\t\t\t\t\t\t\t\t\t\t\t\t\t\t<\/div>\n\n\t\t\t\t\t\t\t\t\t\t\t\t\t<a href=\"#\" class=\"icon\" data-id=\"22125\"\n\t\t\t\t\t\t\t\taria-label=\"Download file\"\n\t\t\t\t\t\t\t\ttitle=\"Download file\"\n\t\t\t\t\t\t\t>\n\t\t\t\t\t\t\t\t<i class=\"gimonticon-download\" aria-hidden=\"true\"><\/i>\n\t\t\t\t\t\t\t<\/a>\n\t\t\t\t\t\t\t\t\t\t\t<\/div>\n\t\t\t\t<\/li>\n\t\t\t\t\t\t\t<li class=\"item\">\n\t\t\t\t\t<div class=\"item-wrap\">\n\t\t\t\t\t\t<div class=\"info\">\n\t\t\t\t\t\t\t\n\t\t\t\t\t\t\t\n\t\t\t\t\t\t\t\t\t\t\t\t\t\t\t\t\t\t\t\t\t\t\t\t<h3 class=\"title\">\n\t\t\t\t\t\t\t\t\t\tSemestriel 2015\t\t\t\t\t\t\t\t\t<\/h3>\n\t\t\t\t\t\t\t\t\t\t\t\t\t\t\t\t\t\t\t\t\t<\/div>\n\n\t\t\t\t\t\t\t\t\t\t\t\t\t<a href=\"#\" class=\"icon\" data-id=\"22128\"\n\t\t\t\t\t\t\t\taria-label=\"Download file\"\n\t\t\t\t\t\t\t\ttitle=\"Download file\"\n\t\t\t\t\t\t\t>\n\t\t\t\t\t\t\t\t<i class=\"gimonticon-download\" aria-hidden=\"true\"><\/i>\n\t\t\t\t\t\t\t<\/a>\n\t\t\t\t\t\t\t\t\t\t\t<\/div>\n\t\t\t\t<\/li>\n\t\t\t\t\t\t\t<li class=\"item\">\n\t\t\t\t\t<div class=\"item-wrap\">\n\t\t\t\t\t\t<div class=\"info\">\n\t\t\t\t\t\t\t\n\t\t\t\t\t\t\t\n\t\t\t\t\t\t\t\t\t\t\t\t\t\t\t\t\t\t\t\t\t\t\t\t<h3 class=\"title\">\n\t\t\t\t\t\t\t\t\t\tSemestriel 2018\t\t\t\t\t\t\t\t\t<\/h3>\n\t\t\t\t\t\t\t\t\t\t\t\t\t\t\t\t\t\t\t\t\t<\/div>\n\n\t\t\t\t\t\t\t\t\t\t\t\t\t<a href=\"#\" class=\"icon\" data-id=\"22131\"\n\t\t\t\t\t\t\t\taria-label=\"Download file\"\n\t\t\t\t\t\t\t\ttitle=\"Download file\"\n\t\t\t\t\t\t\t>\n\t\t\t\t\t\t\t\t<i class=\"gimonticon-download\" aria-hidden=\"true\"><\/i>\n\t\t\t\t\t\t\t<\/a>\n\t\t\t\t\t\t\t\t\t\t\t<\/div>\n\t\t\t\t<\/li>\n\t\t\t\t\t\t\t<li class=\"item\">\n\t\t\t\t\t<div class=\"item-wrap\">\n\t\t\t\t\t\t<div class=\"info\">\n\t\t\t\t\t\t\t\n\t\t\t\t\t\t\t\n\t\t\t\t\t\t\t\t\t\t\t\t\t\t\t\t\t\t\t\t\t\t\t\t<h3 class=\"title\">\n\t\t\t\t\t\t\t\t\t\tSemestriel 2019\t\t\t\t\t\t\t\t\t<\/h3>\n\t\t\t\t\t\t\t\t\t\t\t\t\t\t\t\t\t\t\t\t\t<\/div>\n\n\t\t\t\t\t\t\t\t\t\t\t\t\t<a href=\"#\" class=\"icon\" data-id=\"22136\"\n\t\t\t\t\t\t\t\taria-label=\"Download file\"\n\t\t\t\t\t\t\t\ttitle=\"Download file\"\n\t\t\t\t\t\t\t>\n\t\t\t\t\t\t\t\t<i class=\"gimonticon-download\" aria-hidden=\"true\"><\/i>\n\t\t\t\t\t\t\t<\/a>\n\t\t\t\t\t\t\t\t\t\t\t<\/div>\n\t\t\t\t<\/li>\n\t\t\t\t\t\t\t<li class=\"item\">\n\t\t\t\t\t<div class=\"item-wrap\">\n\t\t\t\t\t\t<div class=\"info\">\n\t\t\t\t\t\t\t\n\t\t\t\t\t\t\t\n\t\t\t\t\t\t\t\t\t\t\t\t\t\t\t\t\t\t\t\t\t\t\t\t<h3 class=\"title\">\n\t\t\t\t\t\t\t\t\t\tSemestriel 2020\t\t\t\t\t\t\t\t\t<\/h3>\n\t\t\t\t\t\t\t\t\t\t\t\t\t\t\t\t\t\t\t\t\t<\/div>\n\n\t\t\t\t\t\t\t\t\t\t\t\t\t<a href=\"#\" class=\"icon\" data-id=\"22139\"\n\t\t\t\t\t\t\t\taria-label=\"Download file\"\n\t\t\t\t\t\t\t\ttitle=\"Download file\"\n\t\t\t\t\t\t\t>\n\t\t\t\t\t\t\t\t<i class=\"gimonticon-download\" aria-hidden=\"true\"><\/i>\n\t\t\t\t\t\t\t<\/a>\n\t\t\t\t\t\t\t\t\t\t\t<\/div>\n\t\t\t\t<\/li>\n\t\t\t\t\t\t\t<li class=\"item\">\n\t\t\t\t\t<div class=\"item-wrap\">\n\t\t\t\t\t\t<div class=\"info\">\n\t\t\t\t\t\t\t\n\t\t\t\t\t\t\t\n\t\t\t\t\t\t\t\t\t\t\t\t\t\t\t\t\t\t\t\t\t\t\t\t<h3 class=\"title\">\n\t\t\t\t\t\t\t\t\t\tSemestriel 2021\t\t\t\t\t\t\t\t\t<\/h3>\n\t\t\t\t\t\t\t\t\t\t\t\t\t\t\t\t\t\t\t\t\t<\/div>\n\n\t\t\t\t\t\t\t\t\t\t\t\t\t<a href=\"#\" class=\"icon\" data-id=\"22143\"\n\t\t\t\t\t\t\t\taria-label=\"Download file\"\n\t\t\t\t\t\t\t\ttitle=\"Download file\"\n\t\t\t\t\t\t\t>\n\t\t\t\t\t\t\t\t<i class=\"gimonticon-download\" aria-hidden=\"true\"><\/i>\n\t\t\t\t\t\t\t<\/a>\n\t\t\t\t\t\t\t\t\t\t\t<\/div>\n\t\t\t\t<\/li>\n\t\t\t\t\t\t\t<li class=\"item\">\n\t\t\t\t\t<div class=\"item-wrap\">\n\t\t\t\t\t\t<div class=\"info\">\n\t\t\t\t\t\t\t\n\t\t\t\t\t\t\t\n\t\t\t\t\t\t\t\t\t\t\t\t\t\t\t\t\t\t\t\t\t\t\t\t<h3 class=\"title\">\n\t\t\t\t\t\t\t\t\t\tSemestriel 2023\t\t\t\t\t\t\t\t\t<\/h3>\n\t\t\t\t\t\t\t\t\t\t\t\t\t\t\t\t\t\t\t\t\t<\/div>\n\n\t\t\t\t\t\t\t\t\t\t\t\t\t<a href=\"#\" class=\"icon\" data-id=\"22146\"\n\t\t\t\t\t\t\t\taria-label=\"Download file\"\n\t\t\t\t\t\t\t\ttitle=\"Download file\"\n\t\t\t\t\t\t\t>\n\t\t\t\t\t\t\t\t<i class=\"gimonticon-download\" aria-hidden=\"true\"><\/i>\n\t\t\t\t\t\t\t<\/a>\n\t\t\t\t\t\t\t\t\t\t\t<\/div>\n\t\t\t\t<\/li>\n\t\t\t\t\t\t\t<li class=\"item\">\n\t\t\t\t\t<div class=\"item-wrap\">\n\t\t\t\t\t\t<div class=\"info\">\n\t\t\t\t\t\t\t\n\t\t\t\t\t\t\t\n\t\t\t\t\t\t\t\t\t\t\t\t\t\t\t\t\t\t\t\t\t\t\t\t<h3 class=\"title\">\n\t\t\t\t\t\t\t\t\t\tSemestriel 2025\t\t\t\t\t\t\t\t\t<\/h3>\n\t\t\t\t\t\t\t\t\t\t\t\t\t\t\t\t\t\t\t\t\t<\/div>\n\n\t\t\t\t\t\t\t\t\t\t\t\t\t<a href=\"#\" class=\"icon\" data-id=\"22298\"\n\t\t\t\t\t\t\t\taria-label=\"Download file\"\n\t\t\t\t\t\t\t\ttitle=\"Download file\"\n\t\t\t\t\t\t\t>\n\t\t\t\t\t\t\t\t<i class=\"gimonticon-download\" aria-hidden=\"true\"><\/i>\n\t\t\t\t\t\t\t<\/a>\n\t\t\t\t\t\t\t\t\t\t\t<\/div>\n\t\t\t\t<\/li>\n\t\t\t\t\t<\/ul>\n\t\t\t<\/div>\n\t<\/div>\n\n\t<div class=\"ova-doc-modal\"><\/div>\n<\/div>\t\t\t\t<\/div>\n\t\t\t\t<\/div>\n\t\t\t\t\t<\/div>\n\t\t<\/div>\n\t\t\t\t\t<\/div>\n\t\t<\/section>\n\t\t\t\t<\/div>","protected":false},"excerpt":{"rendered":"<p>Home Page Nos Documents Etudes Rapport Semestriel Document 1 Document 2 Document 3 Document 4 Document 5 Document 6 Document 7 Document 8<\/p>","protected":false},"author":1,"featured_media":0,"parent":0,"menu_order":0,"comment_status":"closed","ping_status":"closed","template":"elementor_header_footer","meta":{"footnotes":""},"class_list":["post-19613","page","type-page","status-publish","hentry"],"yoast_head":"<!-- This site is optimized with the Yoast SEO Premium plugin v24.0 (Yoast SEO v27.5) - https:\/\/yoast.com\/product\/yoast-seo-premium-wordpress\/ -->\n<title>Documents - ANCS<\/title>\n<meta name=\"description\" content=\"Acc\u00e9dez aux documents officiels de l&#039;ANCS : rapports, \u00e9tudes, publications sur la sant\u00e9 communautaire, la pr\u00e9vention du VIH, et les droits humains au S\u00e9n\u00e9gal.\" \/>\n<meta name=\"robots\" content=\"index, follow, max-snippet:-1, max-image-preview:large, max-video-preview:-1\" \/>\n<link rel=\"canonical\" href=\"https:\/\/ancs.sn\/en\/documents\/\" \/>\n<meta property=\"og:locale\" content=\"en_US\" \/>\n<meta property=\"og:type\" content=\"article\" \/>\n<meta property=\"og:title\" content=\"Documents\" \/>\n<meta property=\"og:description\" content=\"Acc\u00e9dez aux documents officiels de l&#039;ANCS : rapports, \u00e9tudes, publications sur la sant\u00e9 communautaire, la pr\u00e9vention du VIH, et les droits humains au S\u00e9n\u00e9gal.\" \/>\n<meta property=\"og:url\" content=\"https:\/\/ancs.sn\/en\/documents\/\" \/>\n<meta property=\"og:site_name\" content=\"ANCS\" \/>\n<meta property=\"article:publisher\" content=\"https:\/\/www.facebook.com\/share\/1J8ELRMTiV\/?mibextid=LQQJ4d\" \/>\n<meta property=\"article:modified_time\" content=\"2024-12-06T10:29:40+00:00\" \/>\n<meta name=\"twitter:card\" content=\"summary_large_image\" \/>\n<meta name=\"twitter:label1\" content=\"Est. reading time\" \/>\n\t<meta name=\"twitter:data1\" content=\"1 minute\" \/>\n<script type=\"application\/ld+json\" class=\"yoast-schema-graph\">{\"@context\":\"https:\\\/\\\/schema.org\",\"@graph\":[{\"@type\":\"WebPage\",\"@id\":\"https:\\\/\\\/ancs.sn\\\/documents\\\/\",\"url\":\"https:\\\/\\\/ancs.sn\\\/documents\\\/\",\"name\":\"Documents - ANCS\",\"isPartOf\":{\"@id\":\"https:\\\/\\\/ancs.sn\\\/#website\"},\"datePublished\":\"2024-10-16T11:55:40+00:00\",\"dateModified\":\"2024-12-06T10:29:40+00:00\",\"description\":\"Acc\u00e9dez aux documents officiels de l'ANCS : rapports, \u00e9tudes, publications sur la sant\u00e9 communautaire, la pr\u00e9vention du VIH, et les droits humains au S\u00e9n\u00e9gal.\",\"breadcrumb\":{\"@id\":\"https:\\\/\\\/ancs.sn\\\/documents\\\/#breadcrumb\"},\"inLanguage\":\"en-NZ\",\"potentialAction\":[{\"@type\":\"ReadAction\",\"target\":[\"https:\\\/\\\/ancs.sn\\\/documents\\\/\"]}]},{\"@type\":\"BreadcrumbList\",\"@id\":\"https:\\\/\\\/ancs.sn\\\/documents\\\/#breadcrumb\",\"itemListElement\":[{\"@type\":\"ListItem\",\"position\":1,\"name\":\"Accueil\",\"item\":\"https:\\\/\\\/ancs.sn\\\/\"},{\"@type\":\"ListItem\",\"position\":2,\"name\":\"Documents\"}]},{\"@type\":\"WebSite\",\"@id\":\"https:\\\/\\\/ancs.sn\\\/#website\",\"url\":\"https:\\\/\\\/ancs.sn\\\/\",\"name\":\"ANCS\",\"description\":\"Alliance Nationale des Communaut\u00e9s pour la Sant\u00e9\",\"publisher\":{\"@id\":\"https:\\\/\\\/ancs.sn\\\/#organization\"},\"potentialAction\":[{\"@type\":\"SearchAction\",\"target\":{\"@type\":\"EntryPoint\",\"urlTemplate\":\"https:\\\/\\\/ancs.sn\\\/?s={search_term_string}\"},\"query-input\":{\"@type\":\"PropertyValueSpecification\",\"valueRequired\":true,\"valueName\":\"search_term_string\"}}],\"inLanguage\":\"en-NZ\"},{\"@type\":\"Organization\",\"@id\":\"https:\\\/\\\/ancs.sn\\\/#organization\",\"name\":\"Alliance Nationale des Communaut\u00e9s pour la Sant\u00e9\",\"url\":\"https:\\\/\\\/ancs.sn\\\/\",\"logo\":{\"@type\":\"ImageObject\",\"inLanguage\":\"en-NZ\",\"@id\":\"https:\\\/\\\/ancs.sn\\\/#\\\/schema\\\/logo\\\/image\\\/\",\"url\":\"https:\\\/\\\/ancs.sn\\\/wp-content\\\/uploads\\\/2024\\\/10\\\/nouveau-logo-ANCS-01.png\",\"contentUrl\":\"https:\\\/\\\/ancs.sn\\\/wp-content\\\/uploads\\\/2024\\\/10\\\/nouveau-logo-ANCS-01.png\",\"width\":843,\"height\":596,\"caption\":\"Alliance Nationale des Communaut\u00e9s pour la Sant\u00e9\"},\"image\":{\"@id\":\"https:\\\/\\\/ancs.sn\\\/#\\\/schema\\\/logo\\\/image\\\/\"},\"sameAs\":[\"https:\\\/\\\/www.facebook.com\\\/share\\\/1J8ELRMTiV\\\/?mibextid=LQQJ4d\",\"https:\\\/\\\/www.youtube.com\\\/@alliancenationaledescommun1768\\\/featured\",\"https:\\\/\\\/www.linkedin.com\\\/company\\\/alliance-nationale-des-communauts-pour-la-sant-ancs\\\/\"]}]}<\/script>\n<!-- \/ Yoast SEO Premium plugin. -->","yoast_head_json":{"title":"Documents - ANCS","description":"Acc\u00e9dez aux documents officiels de l'ANCS : rapports, \u00e9tudes, publications sur la sant\u00e9 communautaire, la pr\u00e9vention du VIH, et les droits humains au S\u00e9n\u00e9gal.","robots":{"index":"index","follow":"follow","max-snippet":"max-snippet:-1","max-image-preview":"max-image-preview:large","max-video-preview":"max-video-preview:-1"},"canonical":"https:\/\/ancs.sn\/en\/documents\/","og_locale":"en_US","og_type":"article","og_title":"Documents","og_description":"Acc\u00e9dez aux documents officiels de l'ANCS : rapports, \u00e9tudes, publications sur la sant\u00e9 communautaire, la pr\u00e9vention du VIH, et les droits humains au S\u00e9n\u00e9gal.","og_url":"https:\/\/ancs.sn\/en\/documents\/","og_site_name":"ANCS","article_publisher":"https:\/\/www.facebook.com\/share\/1J8ELRMTiV\/?mibextid=LQQJ4d","article_modified_time":"2024-12-06T10:29:40+00:00","twitter_card":"summary_large_image","twitter_misc":{"Est. reading time":"1 minute"},"schema":{"@context":"https:\/\/schema.org","@graph":[{"@type":"WebPage","@id":"https:\/\/ancs.sn\/documents\/","url":"https:\/\/ancs.sn\/documents\/","name":"Documents - ANCS","isPartOf":{"@id":"https:\/\/ancs.sn\/#website"},"datePublished":"2024-10-16T11:55:40+00:00","dateModified":"2024-12-06T10:29:40+00:00","description":"Acc\u00e9dez aux documents officiels de l'ANCS : rapports, \u00e9tudes, publications sur la sant\u00e9 communautaire, la pr\u00e9vention du VIH, et les droits humains au S\u00e9n\u00e9gal.","breadcrumb":{"@id":"https:\/\/ancs.sn\/documents\/#breadcrumb"},"inLanguage":"en-NZ","potentialAction":[{"@type":"ReadAction","target":["https:\/\/ancs.sn\/documents\/"]}]},{"@type":"BreadcrumbList","@id":"https:\/\/ancs.sn\/documents\/#breadcrumb","itemListElement":[{"@type":"ListItem","position":1,"name":"Accueil","item":"https:\/\/ancs.sn\/"},{"@type":"ListItem","position":2,"name":"Documents"}]},{"@type":"WebSite","@id":"https:\/\/ancs.sn\/#website","url":"https:\/\/ancs.sn\/","name":"ANCS","description":"National Alliance of Communities for Health","publisher":{"@id":"https:\/\/ancs.sn\/#organization"},"potentialAction":[{"@type":"SearchAction","target":{"@type":"EntryPoint","urlTemplate":"https:\/\/ancs.sn\/?s={search_term_string}"},"query-input":{"@type":"PropertyValueSpecification","valueRequired":true,"valueName":"search_term_string"}}],"inLanguage":"en-NZ"},{"@type":"Organization","@id":"https:\/\/ancs.sn\/#organization","name":"National Alliance of Communities for Health","url":"https:\/\/ancs.sn\/","logo":{"@type":"ImageObject","inLanguage":"en-NZ","@id":"https:\/\/ancs.sn\/#\/schema\/logo\/image\/","url":"https:\/\/ancs.sn\/wp-content\/uploads\/2024\/10\/nouveau-logo-ANCS-01.png","contentUrl":"https:\/\/ancs.sn\/wp-content\/uploads\/2024\/10\/nouveau-logo-ANCS-01.png","width":843,"height":596,"caption":"Alliance Nationale des Communaut\u00e9s pour la Sant\u00e9"},"image":{"@id":"https:\/\/ancs.sn\/#\/schema\/logo\/image\/"},"sameAs":["https:\/\/www.facebook.com\/share\/1J8ELRMTiV\/?mibextid=LQQJ4d","https:\/\/www.youtube.com\/@alliancenationaledescommun1768\/featured","https:\/\/www.linkedin.com\/company\/alliance-nationale-des-communauts-pour-la-sant-ancs\/"]}]}},"_links":{"self":[{"href":"https:\/\/ancs.sn\/en\/wp-json\/wp\/v2\/pages\/19613","targetHints":{"allow":["GET"]}}],"collection":[{"href":"https:\/\/ancs.sn\/en\/wp-json\/wp\/v2\/pages"}],"about":[{"href":"https:\/\/ancs.sn\/en\/wp-json\/wp\/v2\/types\/page"}],"author":[{"embeddable":true,"href":"https:\/\/ancs.sn\/en\/wp-json\/wp\/v2\/users\/1"}],"replies":[{"embeddable":true,"href":"https:\/\/ancs.sn\/en\/wp-json\/wp\/v2\/comments?post=19613"}],"version-history":[{"count":38,"href":"https:\/\/ancs.sn\/en\/wp-json\/wp\/v2\/pages\/19613\/revisions"}],"predecessor-version":[{"id":22037,"href":"https:\/\/ancs.sn\/en\/wp-json\/wp\/v2\/pages\/19613\/revisions\/22037"}],"wp:attachment":[{"href":"https:\/\/ancs.sn\/en\/wp-json\/wp\/v2\/media?parent=19613"}],"curies":[{"name":"wp","href":"https:\/\/api.w.org\/{rel}","templated":true}]}}