{"id":19280,"date":"2024-10-10T16:27:01","date_gmt":"2024-10-10T16:27:01","guid":{"rendered":"https:\/\/ancs.sn\/?page_id=19280"},"modified":"2024-12-06T15:54:02","modified_gmt":"2024-12-06T15:54:02","slug":"historique","status":"publish","type":"page","link":"https:\/\/ancs.sn\/en\/historique\/","title":{"rendered":"History"},"content":{"rendered":"<div data-elementor-type=\"wp-page\" data-elementor-id=\"19280\" class=\"elementor elementor-19280\" data-elementor-post-type=\"page\">\n\t\t\t\t\t\t<section class=\"elementor-section elementor-top-section elementor-element elementor-element-6f64ebf elementor-section-full_width elementor-section-height-default elementor-section-height-default\" data-id=\"6f64ebf\" data-element_type=\"section\" data-e-type=\"section\" data-settings=\"{&quot;background_background&quot;:&quot;classic&quot;}\">\n\t\t\t\t\t\t<div class=\"elementor-container elementor-column-gap-no\">\n\t\t\t\t\t<div class=\"elementor-column elementor-col-100 elementor-top-column elementor-element elementor-element-1a3613c\" data-id=\"1a3613c\" data-element_type=\"column\" data-e-type=\"column\">\n\t\t\t<div class=\"elementor-widget-wrap elementor-element-populated\">\n\t\t\t\t\t\t<div class=\"elementor-element elementor-element-a04a4da elementor-widget elementor-widget-gimont_elementor_header_banner\" data-id=\"a04a4da\" data-element_type=\"widget\" data-e-type=\"widget\" data-widget_type=\"gimont_elementor_header_banner.default\">\n\t\t\t\t<div class=\"elementor-widget-container\">\n\t\t\t\t\t\t\t \t<!-- Display when you choose background per Post -->\n\t\t \t<div class=\"wrap_header_banner  center\"  >\n\n\t\t \t\t<div class=\"row_site\"><div class=\"container_site\">\t\t\t \t\n\t\t\t\t \t<div class=\"cover_color\"><\/div>\n\n\t\t\t\t\t<div class=\"header_banner_el\">\n\n\t\t\t\t\t\t\t\t\t\t\t\t\n\t\t\t\t\t\t\t\t\t\t\t\t\t<div class=\"header_breadcrumbs\">\n\t\t\t\t\t\t\t\t<div id=\"breadcrumbs\"><ul class=\"breadcrumb\"><li><a href=\"https:\/\/ancs.sn\/en\/\" title=\"Home\">Home<\/a><\/li> <li class=\"li_separator\"><span class=\"separator\"><i class=\"ovaicon-next\"><\/i><\/span><\/li><li>Page<\/li><\/ul><\/div>\t\t\t\t\t\t\t<\/div>\n\t\t\t\t\t\t\n\t\t\t\t\t\t\t\t\t\t\t\t\t\n\t\t\t\t\t\t\t\n\t\t\t\t\t\t\t\t\t\t\t\t\t\t<h1 class=\"header_title\">\n\t\t\t\t\t\t\t\t\t\t\t\t\t\t\t<\/h1>\n\t\t\t\t\t\t\t\t\n\t\t\t\t\t\t\n\t\t\t\t\t<\/div>\n\n\t\t\t\t <\/div><\/div> \n\t\t\t<\/div>\n\t\t\t\t\t\t<\/div>\n\t\t\t\t<\/div>\n\t\t\t\t\t<\/div>\n\t\t<\/div>\n\t\t\t\t\t<\/div>\n\t\t<\/section>\n\t\t\t\t<section class=\"elementor-section elementor-top-section elementor-element elementor-element-f565e6e elementor-section-boxed elementor-section-height-default elementor-section-height-default\" data-id=\"f565e6e\" data-element_type=\"section\" data-e-type=\"section\">\n\t\t\t\t\t\t<div class=\"elementor-container elementor-column-gap-default\">\n\t\t\t\t\t<div class=\"elementor-column elementor-col-100 elementor-top-column elementor-element elementor-element-3c652c4\" data-id=\"3c652c4\" data-element_type=\"column\" data-e-type=\"column\">\n\t\t\t<div class=\"elementor-widget-wrap elementor-element-populated\">\n\t\t\t\t\t\t<div class=\"elementor-element elementor-element-700841f elementor-widget elementor-widget-gimont_elementor_heading\" data-id=\"700841f\" data-element_type=\"widget\" data-e-type=\"widget\" data-widget_type=\"gimont_elementor_heading.default\">\n\t\t\t\t<div class=\"elementor-widget-container\">\n\t\t\t\t\t\n\t\t\t<div class=\"ova-heading template_1\">\n\t\t\t\t\t\t\t\t\t\t\t\t\t\t\t<span class=\"line\"><\/span>\n\t\t\t\t\t\t\t\t\t\t<span class=\"subtitle\">History<\/span>\n\t\t\t\t\t\t\t\t\t\t\t\t\t\n\t\t\t\t\t\t\t\t\t\t\t\t\t\t\t<h2 class=\"title\">The rich tapestry of our history<\/h2>\n\t\t\t\t\t\t\t\t\t\t\n\t\t\t\t\t\t\t\t\n\t\t\t\t\n\t\t\t<\/div>\n\n\t\t\t\t\t\t<\/div>\n\t\t\t\t<\/div>\n\t\t\t\t<div class=\"elementor-element elementor-element-895fd6d elementor-widget elementor-widget-gimont_elementor_road_map\" data-id=\"895fd6d\" data-element_type=\"widget\" data-e-type=\"widget\" data-widget_type=\"gimont_elementor_road_map.default\">\n\t\t\t\t<div class=\"elementor-widget-container\">\n\t\t\t\t\t\n\t\t<div class=\"ova-road-map template_2\">\n\t\t\t<div class=\"road-map-wrapper\">\n\n\t\t\t\t\t\t\t\t\t<div class=\"timeline-column\">\n\t\t\t\t\t\t\t\t\t\t\t\t\t\t\t\t\t\t\t\t\t<div class=\"timeline-item timeline-item-left active\">\n\t\t\t\t\t\t\t\t\t<div class=\"timeline-image\">\n\t\t\t\t\t\t\t\t\t\t<img decoding=\"async\" src=\"https:\/\/ancs.sn\/wp-content\/uploads\/2024\/11\/IMG_7304-scaled.webp\" alt=\"\"\n\t\t\t\t\t\t\t\t\t\ttitle=\"IMG_7304\">\n\t\t\t\t\t\t\t\t\t<\/div>\n\t\t\t\t\t\t\t\t\t<div class=\"timeline-info\">\n\t\t\t\t\t\t\t\t\t\t<div class=\"content-info\" \n\t\t\t\t\t\t\t\t\t\t\tdata-animation='{\"animation\":\"\",\"duration\":\"\",\"delay\":\"\"}'>\n\n\t\t\t\t\t\t\t\t\t\t\t\t\t\t\t\t\t\t\t\t\t\t\t<div class=\"date\">\n\t\t\t\t\t\t\t\t\t\t\t\t\t1998\t\t\t\t\t\t\t\t\t\t\t\t<\/div>\n\t\t\t\t\t\t\t\t\t\t\t\t\t\t\t\t\t\t\t\t\t\t<div class=\"timeline-content\">\n\t\t\t\t\t\t\t\t\t\t\t\t<h3 class=\"title\"><\/h3>\n\t\t\t\t\t\t\t\t\t\t\t\t<p class=\"desc\">Creation of ANCS: start of the communities' fight against HIV\/AIDS and start of the partnership with Frontline Aids (formerly Alliance Internationale (Brighton, United Kingdom))<\/p>\n\t\t\t\t\t\t\t\t\t\t\t<\/div>\n\t\t\t\t\t\t\t\t\t\t<\/div>\n\t\t\t\t\t\t\t\t\t<\/div>\n\t\t\t\t\t\t\t\t<\/div>\n\t\t\t\t\t\t\t\t\t\t\t\t\t\t\t\t\t\t\t\t\t\t<div class=\"timeline-item timeline-item-right\">\n\t\t\t\t\t\t\t\t\t<div class=\"timeline-info\">\n\t\t\t\t\t\t\t\t\t\t<div class=\"content-info\" \n\t\t\t\t\t\t\t\t\t\tdata-animation='{\"animation\":\"\",\"duration\":\"\",\"delay\":\"\"}'>\n\n\t\t\t\t\t\t\t\t\t\t\t\t\t\t\t\t\t\t\t\t\t\t\t<div class=\"date\">\n\t\t\t\t\t\t\t\t\t\t\t\t\t2000\t\t\t\t\t\t\t\t\t\t\t\t<\/div>\n\t\t\t\t\t\t\t\t\t\t\t\n\t\t\t\t\t\t\t\t\t\t\t<div class=\"timeline-content\">\n\t\t\t\t\t\t\t\t\t\t\t\t<h3 class=\"title\"><\/h3>\n\t\t\t\t\t\t\t\t\t\t\t\t<p class=\"desc\">Diversification of funding sources and start of collaboration with USAID's health programme<\/p>\n\t\t\t\t\t\t\t\t\t\t\t<\/div>\n\t\t\t\t\t\t\t\t\t\t<\/div>\n\t\t\t\t\t\t\t\t\t<\/div>\n\t\t\t\t\t\t\t\t\t<div class=\"timeline-image\">\n\t\t\t\t\t\t\t\t\t\t<img decoding=\"async\" src=\"https:\/\/ancs.sn\/wp-content\/uploads\/2024\/11\/img_7282-scaled.webp\" alt=\"\">\n\t\t\t\t\t\t\t\t\t<\/div>\n\t\t\t\t\t\t\t\t<\/div>\n\t\t\t\t\t\t\t\t\t\t\t\t\t\t\t\t\t\t\t\t\t<div class=\"timeline-item timeline-item-left active\">\n\t\t\t\t\t\t\t\t\t<div class=\"timeline-image\">\n\t\t\t\t\t\t\t\t\t\t<img decoding=\"async\" src=\"https:\/\/ancs.sn\/wp-content\/uploads\/2024\/11\/img_1222.webp\" alt=\"\"\n\t\t\t\t\t\t\t\t\t\ttitle=\"img_1222\">\n\t\t\t\t\t\t\t\t\t<\/div>\n\t\t\t\t\t\t\t\t\t<div class=\"timeline-info\">\n\t\t\t\t\t\t\t\t\t\t<div class=\"content-info\" \n\t\t\t\t\t\t\t\t\t\t\tdata-animation='{\"animation\":\"\",\"duration\":\"\",\"delay\":\"\"}'>\n\n\t\t\t\t\t\t\t\t\t\t\t\t\t\t\t\t\t\t\t\t\t\t\t<div class=\"date\">\n\t\t\t\t\t\t\t\t\t\t\t\t\t2005\t\t\t\t\t\t\t\t\t\t\t\t<\/div>\n\t\t\t\t\t\t\t\t\t\t\t\t\t\t\t\t\t\t\t\t\t\t<div class=\"timeline-content\">\n\t\t\t\t\t\t\t\t\t\t\t\t<h3 class=\"title\"><\/h3>\n\t\t\t\t\t\t\t\t\t\t\t\t<p class=\"desc\">ANCS becomes Principal Recipient of the Global Fund to Fight AIDS, Tuberculosis and Malaria<\/p>\n\t\t\t\t\t\t\t\t\t\t\t<\/div>\n\t\t\t\t\t\t\t\t\t\t<\/div>\n\t\t\t\t\t\t\t\t\t<\/div>\n\t\t\t\t\t\t\t\t<\/div>\n\t\t\t\t\t\t\t\t\t\t\t\t\t\t\t\t\t\t\t\t\t\t<div class=\"timeline-item timeline-item-right\">\n\t\t\t\t\t\t\t\t\t<div class=\"timeline-info\">\n\t\t\t\t\t\t\t\t\t\t<div class=\"content-info\" \n\t\t\t\t\t\t\t\t\t\tdata-animation='{\"animation\":\"\",\"duration\":\"\",\"delay\":\"\"}'>\n\n\t\t\t\t\t\t\t\t\t\t\t\t\t\t\t\t\t\t\t\t\t\t\t<div class=\"date\">\n\t\t\t\t\t\t\t\t\t\t\t\t\t2014\t\t\t\t\t\t\t\t\t\t\t\t<\/div>\n\t\t\t\t\t\t\t\t\t\t\t\n\t\t\t\t\t\t\t\t\t\t\t<div class=\"timeline-content\">\n\t\t\t\t\t\t\t\t\t\t\t\t<h3 class=\"title\"><\/h3>\n\t\t\t\t\t\t\t\t\t\t\t\t<p class=\"desc\">ANCS becomes the first national civil society NGO to receive ISO 9001 version 2008 certification for the quality of its management system <\/p>\n\t\t\t\t\t\t\t\t\t\t\t<\/div>\n\t\t\t\t\t\t\t\t\t\t<\/div>\n\t\t\t\t\t\t\t\t\t<\/div>\n\t\t\t\t\t\t\t\t\t<div class=\"timeline-image\">\n\t\t\t\t\t\t\t\t\t\t<img decoding=\"async\" src=\"https:\/\/ancs.sn\/wp-content\/uploads\/2024\/11\/img_6525-scaled.webp\" alt=\"\">\n\t\t\t\t\t\t\t\t\t<\/div>\n\t\t\t\t\t\t\t\t<\/div>\n\t\t\t\t\t\t\t\t\t\t\t\t\t\t\t\t\t\t\t\t\t<div class=\"timeline-item timeline-item-left active\">\n\t\t\t\t\t\t\t\t\t<div class=\"timeline-image\">\n\t\t\t\t\t\t\t\t\t\t<img decoding=\"async\" src=\"https:\/\/ancs.sn\/wp-content\/uploads\/2024\/11\/img_7289-scaled.webp\" alt=\"\"\n\t\t\t\t\t\t\t\t\t\ttitle=\"img_7289\">\n\t\t\t\t\t\t\t\t\t<\/div>\n\t\t\t\t\t\t\t\t\t<div class=\"timeline-info\">\n\t\t\t\t\t\t\t\t\t\t<div class=\"content-info\" \n\t\t\t\t\t\t\t\t\t\t\tdata-animation='{\"animation\":\"\",\"duration\":\"\",\"delay\":\"\"}'>\n\n\t\t\t\t\t\t\t\t\t\t\t\t\t\t\t\t\t\t\t\t\t\t\t<div class=\"date\">\n\t\t\t\t\t\t\t\t\t\t\t\t\t2014\t\t\t\t\t\t\t\t\t\t\t\t<\/div>\n\t\t\t\t\t\t\t\t\t\t\t\t\t\t\t\t\t\t\t\t\t\t<div class=\"timeline-content\">\n\t\t\t\t\t\t\t\t\t\t\t\t<h3 class=\"title\"><\/h3>\n\t\t\t\t\t\t\t\t\t\t\t\t<p class=\"desc\">Acquisition of its headquarters in Cit\u00e9 Keur Gorgui - Villa R41 Dakar<\/p>\n\t\t\t\t\t\t\t\t\t\t\t<\/div>\n\t\t\t\t\t\t\t\t\t\t<\/div>\n\t\t\t\t\t\t\t\t\t<\/div>\n\t\t\t\t\t\t\t\t<\/div>\n\t\t\t\t\t\t\t\t\t\t\t\t\t\t\t\t\t\t\t\t\t\t<div class=\"timeline-item timeline-item-right\">\n\t\t\t\t\t\t\t\t\t<div class=\"timeline-info\">\n\t\t\t\t\t\t\t\t\t\t<div class=\"content-info\" \n\t\t\t\t\t\t\t\t\t\tdata-animation='{\"animation\":\"\",\"duration\":\"\",\"delay\":\"\"}'>\n\n\t\t\t\t\t\t\t\t\t\t\t\t\t\t\t\t\t\t\t\t\t\t\t<div class=\"date\">\n\t\t\t\t\t\t\t\t\t\t\t\t\t2016\t\t\t\t\t\t\t\t\t\t\t\t<\/div>\n\t\t\t\t\t\t\t\t\t\t\t\n\t\t\t\t\t\t\t\t\t\t\t<div class=\"timeline-content\">\n\t\t\t\t\t\t\t\t\t\t\t\t<h3 class=\"title\"><\/h3>\n\t\t\t\t\t\t\t\t\t\t\t\t<p class=\"desc\">ANCS changes its name and refocuses its mission and objectives to better serve communities<\/p>\n\t\t\t\t\t\t\t\t\t\t\t<\/div>\n\t\t\t\t\t\t\t\t\t\t<\/div>\n\t\t\t\t\t\t\t\t\t<\/div>\n\t\t\t\t\t\t\t\t\t<div class=\"timeline-image\">\n\t\t\t\t\t\t\t\t\t\t<img decoding=\"async\" src=\"https:\/\/ancs.sn\/wp-content\/uploads\/2024\/11\/capture-decran-2024-07-27-a-23.14.30.webp\" alt=\"\">\n\t\t\t\t\t\t\t\t\t<\/div>\n\t\t\t\t\t\t\t\t<\/div>\n\t\t\t\t\t\t\t\t\t\t\t\t\t\t\t\t\t\t\t\t\t<div class=\"timeline-item timeline-item-left active\">\n\t\t\t\t\t\t\t\t\t<div class=\"timeline-image\">\n\t\t\t\t\t\t\t\t\t\t<img decoding=\"async\" src=\"https:\/\/ancs.sn\/wp-content\/uploads\/2024\/11\/ag-2022-8.webp\" alt=\"\"\n\t\t\t\t\t\t\t\t\t\ttitle=\"ag 2022 8\">\n\t\t\t\t\t\t\t\t\t<\/div>\n\t\t\t\t\t\t\t\t\t<div class=\"timeline-info\">\n\t\t\t\t\t\t\t\t\t\t<div class=\"content-info\" \n\t\t\t\t\t\t\t\t\t\t\tdata-animation='{\"animation\":\"\",\"duration\":\"\",\"delay\":\"\"}'>\n\n\t\t\t\t\t\t\t\t\t\t\t\t\t\t\t\t\t\t\t\t\t\t\t<div class=\"date\">\n\t\t\t\t\t\t\t\t\t\t\t\t\t2018\t\t\t\t\t\t\t\t\t\t\t\t<\/div>\n\t\t\t\t\t\t\t\t\t\t\t\t\t\t\t\t\t\t\t\t\t\t<div class=\"timeline-content\">\n\t\t\t\t\t\t\t\t\t\t\t\t<h3 class=\"title\"><\/h3>\n\t\t\t\t\t\t\t\t\t\t\t\t<p class=\"desc\">Implementation of a regional programme to improve access to health services for key young populations in WCA - L'Initiative\/Expertise France<\/p>\n\t\t\t\t\t\t\t\t\t\t\t<\/div>\n\t\t\t\t\t\t\t\t\t\t<\/div>\n\t\t\t\t\t\t\t\t\t<\/div>\n\t\t\t\t\t\t\t\t<\/div>\n\t\t\t\t\t\t\t\t\t\t\t\t\t\t\t\t\t\t\t\t\t\t<div class=\"timeline-item timeline-item-right\">\n\t\t\t\t\t\t\t\t\t<div class=\"timeline-info\">\n\t\t\t\t\t\t\t\t\t\t<div class=\"content-info\" \n\t\t\t\t\t\t\t\t\t\tdata-animation='{\"animation\":\"\",\"duration\":\"\",\"delay\":\"\"}'>\n\n\t\t\t\t\t\t\t\t\t\t\t\t\t\t\t\t\t\t\t\t\t\t\t<div class=\"date\">\n\t\t\t\t\t\t\t\t\t\t\t\t\t2018\t\t\t\t\t\t\t\t\t\t\t\t<\/div>\n\t\t\t\t\t\t\t\t\t\t\t\n\t\t\t\t\t\t\t\t\t\t\t<div class=\"timeline-content\">\n\t\t\t\t\t\t\t\t\t\t\t\t<h3 class=\"title\"><\/h3>\n\t\t\t\t\t\t\t\t\t\t\t\t<p class=\"desc\">Member of Coalition Plus<\/p>\n\t\t\t\t\t\t\t\t\t\t\t<\/div>\n\t\t\t\t\t\t\t\t\t\t<\/div>\n\t\t\t\t\t\t\t\t\t<\/div>\n\t\t\t\t\t\t\t\t\t<div class=\"timeline-image\">\n\t\t\t\t\t\t\t\t\t\t<img decoding=\"async\" src=\"https:\/\/ancs.sn\/wp-content\/uploads\/2024\/11\/dsc_0289-scaled.webp\" alt=\"\">\n\t\t\t\t\t\t\t\t\t<\/div>\n\t\t\t\t\t\t\t\t<\/div>\n\t\t\t\t\t\t\t\t\t\t\t<\/div>\n\t\t\t\t\n\t\t\t<\/div>\n\t\t<\/div>\n\t\t \t\n\t\t\t\t\t\t<\/div>\n\t\t\t\t<\/div>\n\t\t\t\t\t<\/div>\n\t\t<\/div>\n\t\t\t\t\t<\/div>\n\t\t<\/section>\n\t\t\t\t<section class=\"elementor-section elementor-top-section elementor-element elementor-element-70f05cb elementor-section-boxed elementor-section-height-default elementor-section-height-default\" data-id=\"70f05cb\" data-element_type=\"section\" data-e-type=\"section\" data-settings=\"{&quot;background_background&quot;:&quot;classic&quot;}\">\n\t\t\t\t\t\t\t<div class=\"elementor-background-overlay\"><\/div>\n\t\t\t\t\t\t\t<div class=\"elementor-container elementor-column-gap-no\">\n\t\t\t\t\t<div class=\"elementor-column elementor-col-100 elementor-top-column elementor-element elementor-element-2d70701\" data-id=\"2d70701\" data-element_type=\"column\" data-e-type=\"column\" data-settings=\"{&quot;background_background&quot;:&quot;classic&quot;}\">\n\t\t\t<div class=\"elementor-widget-wrap elementor-element-populated\">\n\t\t\t\t\t<div class=\"elementor-background-overlay\"><\/div>\n\t\t\t\t\t\t<div class=\"elementor-element elementor-element-e1f6e97 elementor-widget elementor-widget-gimont_elementor_heading\" data-id=\"e1f6e97\" data-element_type=\"widget\" data-e-type=\"widget\" data-widget_type=\"gimont_elementor_heading.default\">\n\t\t\t\t<div class=\"elementor-widget-container\">\n\t\t\t\t\t\n\t\t\t<div class=\"ova-heading template_1\">\n\t\t\t\t\t\t\t\t\n\t\t\t\t\t\t\t\t\t\t\t\t\t\t\t<h2 class=\"title\">ANCS<\/h2>\n\t\t\t\t\t\t\t\t\t\t\n\t\t\t\t\t\t\t\t\n\t\t\t\t\t\t\t\t\t<p class=\"desc\">National Alliance of Communities for Health<\/p>\n\t\t\t\t\n\t\t\t<\/div>\n\n\t\t\t\t\t\t<\/div>\n\t\t\t\t<\/div>\n\t\t\t\t<div class=\"elementor-element elementor-element-4634651 elementor-widget elementor-widget-button\" data-id=\"4634651\" data-element_type=\"widget\" data-e-type=\"widget\" data-widget_type=\"button.default\">\n\t\t\t\t<div class=\"elementor-widget-container\">\n\t\t\t\t\t\t\t\t\t<div class=\"elementor-button-wrapper\">\n\t\t\t\t\t<a class=\"elementor-button elementor-button-link elementor-size-sm\" href=\"https:\/\/ancs.sn\/en\/contact\/\">\n\t\t\t\t\t\t<span class=\"elementor-button-content-wrapper\">\n\t\t\t\t\t\t\t\t\t<span class=\"elementor-button-text\">Contact<\/span>\n\t\t\t\t\t<\/span>\n\t\t\t\t\t<\/a>\n\t\t\t\t<\/div>\n\t\t\t\t\t\t\t\t<\/div>\n\t\t\t\t<\/div>\n\t\t\t\t\t<\/div>\n\t\t<\/div>\n\t\t\t\t\t<\/div>\n\t\t<\/section>\n\t\t\t\t<\/div>","protected":false},"excerpt":{"rendered":"<p>Home Page Historique La riche tapisserie de notre histoire 1998 Cr\u00e9ation de l&#039;ANCS: d\u00e9but de la lutte des communaut\u00e9s contre le VIH\/SIDA et d\u00e9marrage du partenariat avec Frontline Aids (ex Alliance Internationale (Brighton, Royaume Unie)) 2000 Diversification des sources de financement et d\u00e9but de la collaboration avec le programme sant\u00e9 de l&#039;USAID 2005 L&#039;ANCS devient [&hellip;]<\/p>\n","protected":false},"author":1,"featured_media":0,"parent":0,"menu_order":0,"comment_status":"closed","ping_status":"closed","template":"elementor_header_footer","meta":{"footnotes":""},"class_list":["post-19280","page","type-page","status-publish","hentry"],"yoast_head":"<!-- This site is optimized with the Yoast SEO Premium plugin v24.0 (Yoast SEO v27.5) - https:\/\/yoast.com\/product\/yoast-seo-premium-wordpress\/ -->\n<title>Historique - ANCS<\/title>\n<meta name=\"description\" content=\"D\u00e9couvrez l&#039;historique de l&#039;ANCS : ses origines, ses \u00e9tapes cl\u00e9s, et son \u00e9volution en tant qu\u2019acteur majeur dans la lutte contre le VIH\/Sida et la promotion de la sant\u00e9 communautaire au S\u00e9n\u00e9gal.\" \/>\n<meta name=\"robots\" content=\"index, follow, max-snippet:-1, max-image-preview:large, max-video-preview:-1\" \/>\n<link rel=\"canonical\" href=\"https:\/\/ancs.sn\/en\/historique\/\" \/>\n<meta property=\"og:locale\" content=\"en_US\" \/>\n<meta property=\"og:type\" content=\"article\" \/>\n<meta property=\"og:title\" content=\"Historique\" \/>\n<meta property=\"og:description\" content=\"D\u00e9couvrez l&#039;historique de l&#039;ANCS : ses origines, ses \u00e9tapes cl\u00e9s, et son \u00e9volution en tant qu\u2019acteur majeur dans la lutte contre le VIH\/Sida et la promotion de la sant\u00e9 communautaire au S\u00e9n\u00e9gal.\" \/>\n<meta property=\"og:url\" content=\"https:\/\/ancs.sn\/en\/historique\/\" \/>\n<meta property=\"og:site_name\" content=\"ANCS\" \/>\n<meta property=\"article:publisher\" content=\"https:\/\/www.facebook.com\/share\/1J8ELRMTiV\/?mibextid=LQQJ4d\" \/>\n<meta property=\"article:modified_time\" content=\"2024-12-06T15:54:02+00:00\" \/>\n<meta property=\"og:image\" content=\"https:\/\/ancs.sn\/wp-content\/uploads\/2024\/11\/IMG_7304-scaled.webp\" \/>\n<meta name=\"twitter:card\" content=\"summary_large_image\" \/>\n<meta name=\"twitter:label1\" content=\"Est. reading time\" \/>\n\t<meta name=\"twitter:data1\" content=\"3 minutes\" \/>\n<script type=\"application\/ld+json\" class=\"yoast-schema-graph\">{\"@context\":\"https:\\\/\\\/schema.org\",\"@graph\":[{\"@type\":\"WebPage\",\"@id\":\"https:\\\/\\\/ancs.sn\\\/historique\\\/\",\"url\":\"https:\\\/\\\/ancs.sn\\\/historique\\\/\",\"name\":\"Historique - ANCS\",\"isPartOf\":{\"@id\":\"https:\\\/\\\/ancs.sn\\\/#website\"},\"primaryImageOfPage\":{\"@id\":\"https:\\\/\\\/ancs.sn\\\/historique\\\/#primaryimage\"},\"image\":{\"@id\":\"https:\\\/\\\/ancs.sn\\\/historique\\\/#primaryimage\"},\"thumbnailUrl\":\"https:\\\/\\\/ancs.sn\\\/wp-content\\\/uploads\\\/2024\\\/11\\\/IMG_7304-scaled.webp\",\"datePublished\":\"2024-10-10T16:27:01+00:00\",\"dateModified\":\"2024-12-06T15:54:02+00:00\",\"description\":\"D\u00e9couvrez l'historique de l'ANCS : ses origines, ses \u00e9tapes cl\u00e9s, et son \u00e9volution en tant qu\u2019acteur majeur dans la lutte contre le VIH\\\/Sida et la promotion de la sant\u00e9 communautaire au S\u00e9n\u00e9gal.\",\"breadcrumb\":{\"@id\":\"https:\\\/\\\/ancs.sn\\\/historique\\\/#breadcrumb\"},\"inLanguage\":\"en-NZ\",\"potentialAction\":[{\"@type\":\"ReadAction\",\"target\":[\"https:\\\/\\\/ancs.sn\\\/historique\\\/\"]}]},{\"@type\":\"ImageObject\",\"inLanguage\":\"en-NZ\",\"@id\":\"https:\\\/\\\/ancs.sn\\\/historique\\\/#primaryimage\",\"url\":\"https:\\\/\\\/ancs.sn\\\/wp-content\\\/uploads\\\/2024\\\/11\\\/IMG_7304-scaled.webp\",\"contentUrl\":\"https:\\\/\\\/ancs.sn\\\/wp-content\\\/uploads\\\/2024\\\/11\\\/IMG_7304-scaled.webp\"},{\"@type\":\"BreadcrumbList\",\"@id\":\"https:\\\/\\\/ancs.sn\\\/historique\\\/#breadcrumb\",\"itemListElement\":[{\"@type\":\"ListItem\",\"position\":1,\"name\":\"Accueil\",\"item\":\"https:\\\/\\\/ancs.sn\\\/\"},{\"@type\":\"ListItem\",\"position\":2,\"name\":\"Historique\"}]},{\"@type\":\"WebSite\",\"@id\":\"https:\\\/\\\/ancs.sn\\\/#website\",\"url\":\"https:\\\/\\\/ancs.sn\\\/\",\"name\":\"ANCS\",\"description\":\"Alliance Nationale des Communaut\u00e9s pour la Sant\u00e9\",\"publisher\":{\"@id\":\"https:\\\/\\\/ancs.sn\\\/#organization\"},\"potentialAction\":[{\"@type\":\"SearchAction\",\"target\":{\"@type\":\"EntryPoint\",\"urlTemplate\":\"https:\\\/\\\/ancs.sn\\\/?s={search_term_string}\"},\"query-input\":{\"@type\":\"PropertyValueSpecification\",\"valueRequired\":true,\"valueName\":\"search_term_string\"}}],\"inLanguage\":\"en-NZ\"},{\"@type\":\"Organization\",\"@id\":\"https:\\\/\\\/ancs.sn\\\/#organization\",\"name\":\"Alliance Nationale des Communaut\u00e9s pour la Sant\u00e9\",\"url\":\"https:\\\/\\\/ancs.sn\\\/\",\"logo\":{\"@type\":\"ImageObject\",\"inLanguage\":\"en-NZ\",\"@id\":\"https:\\\/\\\/ancs.sn\\\/#\\\/schema\\\/logo\\\/image\\\/\",\"url\":\"https:\\\/\\\/ancs.sn\\\/wp-content\\\/uploads\\\/2024\\\/10\\\/nouveau-logo-ANCS-01.png\",\"contentUrl\":\"https:\\\/\\\/ancs.sn\\\/wp-content\\\/uploads\\\/2024\\\/10\\\/nouveau-logo-ANCS-01.png\",\"width\":843,\"height\":596,\"caption\":\"Alliance Nationale des Communaut\u00e9s pour la Sant\u00e9\"},\"image\":{\"@id\":\"https:\\\/\\\/ancs.sn\\\/#\\\/schema\\\/logo\\\/image\\\/\"},\"sameAs\":[\"https:\\\/\\\/www.facebook.com\\\/share\\\/1J8ELRMTiV\\\/?mibextid=LQQJ4d\",\"https:\\\/\\\/www.youtube.com\\\/@alliancenationaledescommun1768\\\/featured\",\"https:\\\/\\\/www.linkedin.com\\\/company\\\/alliance-nationale-des-communauts-pour-la-sant-ancs\\\/\"]}]}<\/script>\n<!-- \/ Yoast SEO Premium plugin. -->","yoast_head_json":{"title":"Historique - ANCS","description":"D\u00e9couvrez l'historique de l'ANCS : ses origines, ses \u00e9tapes cl\u00e9s, et son \u00e9volution en tant qu\u2019acteur majeur dans la lutte contre le VIH\/Sida et la promotion de la sant\u00e9 communautaire au S\u00e9n\u00e9gal.","robots":{"index":"index","follow":"follow","max-snippet":"max-snippet:-1","max-image-preview":"max-image-preview:large","max-video-preview":"max-video-preview:-1"},"canonical":"https:\/\/ancs.sn\/en\/historique\/","og_locale":"en_US","og_type":"article","og_title":"Historique","og_description":"D\u00e9couvrez l'historique de l'ANCS : ses origines, ses \u00e9tapes cl\u00e9s, et son \u00e9volution en tant qu\u2019acteur majeur dans la lutte contre le VIH\/Sida et la promotion de la sant\u00e9 communautaire au S\u00e9n\u00e9gal.","og_url":"https:\/\/ancs.sn\/en\/historique\/","og_site_name":"ANCS","article_publisher":"https:\/\/www.facebook.com\/share\/1J8ELRMTiV\/?mibextid=LQQJ4d","article_modified_time":"2024-12-06T15:54:02+00:00","og_image":[{"url":"https:\/\/ancs.sn\/wp-content\/uploads\/2024\/11\/IMG_7304-scaled.webp","type":"","width":"","height":""}],"twitter_card":"summary_large_image","twitter_misc":{"Est. reading time":"3 minutes"},"schema":{"@context":"https:\/\/schema.org","@graph":[{"@type":"WebPage","@id":"https:\/\/ancs.sn\/historique\/","url":"https:\/\/ancs.sn\/historique\/","name":"Historique - ANCS","isPartOf":{"@id":"https:\/\/ancs.sn\/#website"},"primaryImageOfPage":{"@id":"https:\/\/ancs.sn\/historique\/#primaryimage"},"image":{"@id":"https:\/\/ancs.sn\/historique\/#primaryimage"},"thumbnailUrl":"https:\/\/ancs.sn\/wp-content\/uploads\/2024\/11\/IMG_7304-scaled.webp","datePublished":"2024-10-10T16:27:01+00:00","dateModified":"2024-12-06T15:54:02+00:00","description":"D\u00e9couvrez l'historique de l'ANCS : ses origines, ses \u00e9tapes cl\u00e9s, et son \u00e9volution en tant qu\u2019acteur majeur dans la lutte contre le VIH\/Sida et la promotion de la sant\u00e9 communautaire au S\u00e9n\u00e9gal.","breadcrumb":{"@id":"https:\/\/ancs.sn\/historique\/#breadcrumb"},"inLanguage":"en-NZ","potentialAction":[{"@type":"ReadAction","target":["https:\/\/ancs.sn\/historique\/"]}]},{"@type":"ImageObject","inLanguage":"en-NZ","@id":"https:\/\/ancs.sn\/historique\/#primaryimage","url":"https:\/\/ancs.sn\/wp-content\/uploads\/2024\/11\/IMG_7304-scaled.webp","contentUrl":"https:\/\/ancs.sn\/wp-content\/uploads\/2024\/11\/IMG_7304-scaled.webp"},{"@type":"BreadcrumbList","@id":"https:\/\/ancs.sn\/historique\/#breadcrumb","itemListElement":[{"@type":"ListItem","position":1,"name":"Accueil","item":"https:\/\/ancs.sn\/"},{"@type":"ListItem","position":2,"name":"Historique"}]},{"@type":"WebSite","@id":"https:\/\/ancs.sn\/#website","url":"https:\/\/ancs.sn\/","name":"ANCS","description":"National Alliance of Communities for Health","publisher":{"@id":"https:\/\/ancs.sn\/#organization"},"potentialAction":[{"@type":"SearchAction","target":{"@type":"EntryPoint","urlTemplate":"https:\/\/ancs.sn\/?s={search_term_string}"},"query-input":{"@type":"PropertyValueSpecification","valueRequired":true,"valueName":"search_term_string"}}],"inLanguage":"en-NZ"},{"@type":"Organization","@id":"https:\/\/ancs.sn\/#organization","name":"National Alliance of Communities for Health","url":"https:\/\/ancs.sn\/","logo":{"@type":"ImageObject","inLanguage":"en-NZ","@id":"https:\/\/ancs.sn\/#\/schema\/logo\/image\/","url":"https:\/\/ancs.sn\/wp-content\/uploads\/2024\/10\/nouveau-logo-ANCS-01.png","contentUrl":"https:\/\/ancs.sn\/wp-content\/uploads\/2024\/10\/nouveau-logo-ANCS-01.png","width":843,"height":596,"caption":"Alliance Nationale des Communaut\u00e9s pour la Sant\u00e9"},"image":{"@id":"https:\/\/ancs.sn\/#\/schema\/logo\/image\/"},"sameAs":["https:\/\/www.facebook.com\/share\/1J8ELRMTiV\/?mibextid=LQQJ4d","https:\/\/www.youtube.com\/@alliancenationaledescommun1768\/featured","https:\/\/www.linkedin.com\/company\/alliance-nationale-des-communauts-pour-la-sant-ancs\/"]}]}},"_links":{"self":[{"href":"https:\/\/ancs.sn\/en\/wp-json\/wp\/v2\/pages\/19280","targetHints":{"allow":["GET"]}}],"collection":[{"href":"https:\/\/ancs.sn\/en\/wp-json\/wp\/v2\/pages"}],"about":[{"href":"https:\/\/ancs.sn\/en\/wp-json\/wp\/v2\/types\/page"}],"author":[{"embeddable":true,"href":"https:\/\/ancs.sn\/en\/wp-json\/wp\/v2\/users\/1"}],"replies":[{"embeddable":true,"href":"https:\/\/ancs.sn\/en\/wp-json\/wp\/v2\/comments?post=19280"}],"version-history":[{"count":34,"href":"https:\/\/ancs.sn\/en\/wp-json\/wp\/v2\/pages\/19280\/revisions"}],"predecessor-version":[{"id":21989,"href":"https:\/\/ancs.sn\/en\/wp-json\/wp\/v2\/pages\/19280\/revisions\/21989"}],"wp:attachment":[{"href":"https:\/\/ancs.sn\/en\/wp-json\/wp\/v2\/media?parent=19280"}],"curies":[{"name":"wp","href":"https:\/\/api.w.org\/{rel}","templated":true}]}}